{"id":92,"date":"2021-02-26T17:23:04","date_gmt":"2021-02-26T16:23:04","guid":{"rendered":"http:\/\/projektniro.pl\/index.php\/mesmerize\/"},"modified":"2022-05-05T13:28:48","modified_gmt":"2022-05-05T11:28:48","slug":"mesmerize","status":"publish","type":"page","link":"https:\/\/projektniro.pl\/","title":{"rendered":"Studio projektowania wn\u0119trz"},"content":{"rendered":"\n<figure class=\"wp-block-video\"><video autoplay controls loop muted preload=\"auto\" src=\"http:\/\/projektniro.pl\/wp-content\/uploads\/2021\/10\/PROJEKT-NIRO.mp4\" playsinline><\/video><\/figure>\n\n\n\n<p class=\"has-text-align-center has-large-font-size\">Stw\u00f3rzmy razem wn\u0119trze Twoich marze\u0144.<\/p>\n\n\n\n<p><br>Projekt NiRo to autorska pracownia projektowa za\u0142o\u017cona przez Nin\u0119 Rosi\u0144sk\u0105. Skupia si\u0119 na projektowaniu nowoczesnych wn\u0119trz prywatnych idealnie dopasowanych do gustu i trybu \u017cycia Inwestor\u00f3w.<br>Szanuj\u0105c czas Inwestor\u00f3w projekty wykonywane s\u0105 g\u0142\u00f3wnie zdalnie. Wsp\u00f3\u0142praca stacjonarna mo\u017cliwa jest we Wroc\u0142awiu i okolicach.<\/p>\n\n\n\n<p><br>Zapraszamy do zapoznania si\u0119 z <a href=\"http:\/\/projektniro.pl\/index.php\/portfolio\/\"><span class=\"has-inline-color has-black-color\">PORTFOLIO<\/span><\/a> pracowni i opiniami:<\/p>\n\n\n\n<p><strong>p. Agata<\/strong><em> \u201eBardzo polecam pani\u0105 Nin\u0119. Zaprojektowa\u0142a nam wspania\u0142a kuchnie i \u0142azienk\u0119. Potrafi si\u0119 ws\u0142ucha\u0107 w potrzeby inwestora i stworzy\u0107 pi\u0119kny projekt marze\u0144. Osoba bardzo ciep\u0142a i mi\u0142a, odpowie na ka\u017cde pytanie i pomo\u017ce w projektowaniu. Serdecznie polecam i b\u0119d\u0119 jeszcze korzysta\u0107 z us\u0142ug w przysz\u0142o\u015bci. &#8222;<\/em><\/p>\n\n\n\n<p><strong>p. Marta<\/strong> <em>\u201eC\u00f3\u017c mog\u0119 powiedzie\u0107 opr\u00f3cz tego, \u017ce polecam z ca\u0142ego serca? Pani Nina zaprojektowa\u0142a przepi\u0119kne, ciep\u0142e i przytulne wn\u0119trze, na kt\u00f3rym nam zale\u017ca\u0142o. Mog\u0119 \u015bmia\u0142o powiedzie\u0107, \u017ce zwizualizowa\u0142a nasze marzenia. Do tego \u015bwietny kontakt i naprawd\u0119 b\u0142yskawiczna realizacja! Nie mo\u017cna chcie\u0107 wi\u0119cej. Polecam.<\/em>&#8222;<\/p>\n\n\n\n<p><strong>p. Halina<\/strong> <em>&#8222;Pani Nina projektowa\u0142a dla mnie kuchni\u0119. Kuchnia jest \u015bliczna i nowoczesna. Projekt przer\u00f3s\u0142 moje oczekiwania. Pi\u0119kne kolory, kt\u00f3re lubi\u0119, du\u017ca funkcjonalno\u015b\u0107 po\u0142\u0105czona z nowoczesnym stylem. Z mojej starej kuchni pozosta\u0142y tylko deski do krojenia. Wsp\u00f3\u0142praca z Pani\u0105 Nin\u0105 bardzo dobra, a projekt wykonany bardzo szybko. Jestem bardzo zadowolona. W skali od 1 do 5, stawiam 6. Jeszcze raz dzi\u0119kuj\u0119 i \u017cycz\u0119 kolejnych ciekawych projekt\u00f3w i wielu zadowolonych klient\u00f3w.&#8221;<\/em><\/p>\n\n\n\n<p><strong>p. Anita<\/strong> <em>&#8222;Serdecznie polecam Pani\u0105 Nin\u0119 do wykonania projektu aran\u017cacji wn\u0119trza! Na pocz\u0105tku wsp\u00f3\u0142pracy przeprowadzany jest szczeg\u00f3\u0142owy wywiad, na podstawie tego Pani Nina przygotowuje wizualizacje. W naszym przypadku okaza\u0142y si\u0119 na pierwszy strza\u0142 bardzo trafione. Dodatkowo wszelkie zmiany lub propozycje zamian mo\u017cna ustala\u0107 telefonicznie. Do tego wszystko terminowo &#8211; bardzo profesjonalne podej\u015bcie. Jestem mega zadowolona, dosta\u0142am si\u0119 do Pani Niny z polecenia i sama bede poleca\u0107 dalej <img loading=\"lazy\" height=\"16\" width=\"16\" alt=\"\ud83d\ude42\" src=\"https:\/\/static.xx.fbcdn.net\/images\/emoji.php\/v9\/t4c\/1\/16\/1f642.png\">.&#8221;<\/em><\/p>\n","protected":false},"excerpt":{"rendered":"<p>Stw\u00f3rzmy razem wn\u0119trze Twoich marze\u0144. Projekt NiRo to autorska pracownia projektowa za\u0142o\u017cona przez Nin\u0119 Rosi\u0144sk\u0105. Skupia si\u0119 na projektowaniu nowoczesnych wn\u0119trz prywatnych idealnie dopasowanych do gustu i trybu \u017cycia Inwestor\u00f3w.Szanuj\u0105c czas Inwestor\u00f3w projekty wykonywane s\u0105 g\u0142\u00f3wnie zdalnie. Wsp\u00f3\u0142praca stacjonarna mo\u017cliwa jest we Wroc\u0142awiu i okolicach. Zapraszamy do zapoznania si\u0119 z PORTFOLIO pracowni i opiniami: p. &hellip; <\/p>\n","protected":false},"author":1,"featured_media":0,"parent":0,"menu_order":0,"comment_status":"closed","ping_status":"closed","template":"","meta":[],"yoast_head":"<!-- This site is optimized with the Yoast SEO plugin v19.4 - https:\/\/yoast.com\/wordpress\/plugins\/seo\/ -->\n<title>Studio projektowania wn\u0119trz - Projekt NiRo<\/title>\n<meta name=\"robots\" content=\"index, follow, max-snippet:-1, max-image-preview:large, max-video-preview:-1\" \/>\n<link rel=\"canonical\" href=\"https:\/\/projektniro.pl\/\" \/>\n<meta property=\"og:locale\" content=\"pl_PL\" \/>\n<meta property=\"og:type\" content=\"article\" \/>\n<meta property=\"og:title\" content=\"Studio projektowania wn\u0119trz - Projekt NiRo\" \/>\n<meta property=\"og:description\" content=\"Stw\u00f3rzmy razem wn\u0119trze Twoich marze\u0144. Projekt NiRo to autorska pracownia projektowa za\u0142o\u017cona przez Nin\u0119 Rosi\u0144sk\u0105. Skupia si\u0119 na projektowaniu nowoczesnych wn\u0119trz prywatnych idealnie dopasowanych do gustu i trybu \u017cycia Inwestor\u00f3w.Szanuj\u0105c czas Inwestor\u00f3w projekty wykonywane s\u0105 g\u0142\u00f3wnie zdalnie. Wsp\u00f3\u0142praca stacjonarna mo\u017cliwa jest we Wroc\u0142awiu i okolicach. Zapraszamy do zapoznania si\u0119 z PORTFOLIO pracowni i opiniami: p. &hellip;\" \/>\n<meta property=\"og:url\" content=\"https:\/\/projektniro.pl\/\" \/>\n<meta property=\"og:site_name\" content=\"Projekt NiRo\" \/>\n<meta property=\"article:modified_time\" content=\"2022-05-05T11:28:48+00:00\" \/>\n<meta property=\"og:image\" content=\"https:\/\/static.xx.fbcdn.net\/images\/emoji.php\/v9\/t4c\/1\/16\/1f642.png\" \/>\n<meta name=\"twitter:card\" content=\"summary_large_image\" \/>\n<meta name=\"twitter:label1\" content=\"Szacowany czas czytania\" \/>\n\t<meta name=\"twitter:data1\" content=\"2 minuty\" \/>\n<script type=\"application\/ld+json\" class=\"yoast-schema-graph\">{\"@context\":\"https:\/\/schema.org\",\"@graph\":[{\"@type\":\"Organization\",\"@id\":\"https:\/\/projektniro.pl\/#organization\",\"name\":\"Projekt NiRo\",\"url\":\"https:\/\/projektniro.pl\/\",\"sameAs\":[],\"logo\":{\"@type\":\"ImageObject\",\"inLanguage\":\"pl-PL\",\"@id\":\"https:\/\/projektniro.pl\/#\/schema\/logo\/image\/\",\"url\":\"https:\/\/projektniro.pl\/wp-content\/uploads\/2021\/04\/Miniatura-e1617656633611.jpg\",\"contentUrl\":\"https:\/\/projektniro.pl\/wp-content\/uploads\/2021\/04\/Miniatura-e1617656633611.jpg\",\"width\":100,\"height\":87,\"caption\":\"Projekt NiRo\"},\"image\":{\"@id\":\"https:\/\/projektniro.pl\/#\/schema\/logo\/image\/\"}},{\"@type\":\"WebSite\",\"@id\":\"https:\/\/projektniro.pl\/#website\",\"url\":\"https:\/\/projektniro.pl\/\",\"name\":\"Projekt NiRo\",\"description\":\"\",\"publisher\":{\"@id\":\"https:\/\/projektniro.pl\/#organization\"},\"potentialAction\":[{\"@type\":\"SearchAction\",\"target\":{\"@type\":\"EntryPoint\",\"urlTemplate\":\"https:\/\/projektniro.pl\/?s={search_term_string}\"},\"query-input\":\"required name=search_term_string\"}],\"inLanguage\":\"pl-PL\"},{\"@type\":\"WebPage\",\"@id\":\"https:\/\/projektniro.pl\/\",\"url\":\"https:\/\/projektniro.pl\/\",\"name\":\"Studio projektowania wn\u0119trz - Projekt NiRo\",\"isPartOf\":{\"@id\":\"https:\/\/projektniro.pl\/#website\"},\"datePublished\":\"2021-02-26T16:23:04+00:00\",\"dateModified\":\"2022-05-05T11:28:48+00:00\",\"breadcrumb\":{\"@id\":\"https:\/\/projektniro.pl\/#breadcrumb\"},\"inLanguage\":\"pl-PL\",\"potentialAction\":[{\"@type\":\"ReadAction\",\"target\":[\"https:\/\/projektniro.pl\/\"]}]},{\"@type\":\"BreadcrumbList\",\"@id\":\"https:\/\/projektniro.pl\/#breadcrumb\",\"itemListElement\":[{\"@type\":\"ListItem\",\"position\":1,\"name\":\"Strona g\u0142\u00f3wna\",\"item\":\"https:\/\/projektniro.pl\/\"},{\"@type\":\"ListItem\",\"position\":2,\"name\":\"Studio projektowania wn\u0119trz\"}]}]}<\/script>\n<!-- \/ Yoast SEO plugin. -->","yoast_head_json":{"title":"Studio projektowania wn\u0119trz - Projekt NiRo","robots":{"index":"index","follow":"follow","max-snippet":"max-snippet:-1","max-image-preview":"max-image-preview:large","max-video-preview":"max-video-preview:-1"},"canonical":"https:\/\/projektniro.pl\/","og_locale":"pl_PL","og_type":"article","og_title":"Studio projektowania wn\u0119trz - Projekt NiRo","og_description":"Stw\u00f3rzmy razem wn\u0119trze Twoich marze\u0144. Projekt NiRo to autorska pracownia projektowa za\u0142o\u017cona przez Nin\u0119 Rosi\u0144sk\u0105. Skupia si\u0119 na projektowaniu nowoczesnych wn\u0119trz prywatnych idealnie dopasowanych do gustu i trybu \u017cycia Inwestor\u00f3w.Szanuj\u0105c czas Inwestor\u00f3w projekty wykonywane s\u0105 g\u0142\u00f3wnie zdalnie. Wsp\u00f3\u0142praca stacjonarna mo\u017cliwa jest we Wroc\u0142awiu i okolicach. Zapraszamy do zapoznania si\u0119 z PORTFOLIO pracowni i opiniami: p. &hellip;","og_url":"https:\/\/projektniro.pl\/","og_site_name":"Projekt NiRo","article_modified_time":"2022-05-05T11:28:48+00:00","og_image":[{"url":"https:\/\/static.xx.fbcdn.net\/images\/emoji.php\/v9\/t4c\/1\/16\/1f642.png"}],"twitter_card":"summary_large_image","twitter_misc":{"Szacowany czas czytania":"2 minuty"},"schema":{"@context":"https:\/\/schema.org","@graph":[{"@type":"Organization","@id":"https:\/\/projektniro.pl\/#organization","name":"Projekt NiRo","url":"https:\/\/projektniro.pl\/","sameAs":[],"logo":{"@type":"ImageObject","inLanguage":"pl-PL","@id":"https:\/\/projektniro.pl\/#\/schema\/logo\/image\/","url":"https:\/\/projektniro.pl\/wp-content\/uploads\/2021\/04\/Miniatura-e1617656633611.jpg","contentUrl":"https:\/\/projektniro.pl\/wp-content\/uploads\/2021\/04\/Miniatura-e1617656633611.jpg","width":100,"height":87,"caption":"Projekt NiRo"},"image":{"@id":"https:\/\/projektniro.pl\/#\/schema\/logo\/image\/"}},{"@type":"WebSite","@id":"https:\/\/projektniro.pl\/#website","url":"https:\/\/projektniro.pl\/","name":"Projekt NiRo","description":"","publisher":{"@id":"https:\/\/projektniro.pl\/#organization"},"potentialAction":[{"@type":"SearchAction","target":{"@type":"EntryPoint","urlTemplate":"https:\/\/projektniro.pl\/?s={search_term_string}"},"query-input":"required name=search_term_string"}],"inLanguage":"pl-PL"},{"@type":"WebPage","@id":"https:\/\/projektniro.pl\/","url":"https:\/\/projektniro.pl\/","name":"Studio projektowania wn\u0119trz - Projekt NiRo","isPartOf":{"@id":"https:\/\/projektniro.pl\/#website"},"datePublished":"2021-02-26T16:23:04+00:00","dateModified":"2022-05-05T11:28:48+00:00","breadcrumb":{"@id":"https:\/\/projektniro.pl\/#breadcrumb"},"inLanguage":"pl-PL","potentialAction":[{"@type":"ReadAction","target":["https:\/\/projektniro.pl\/"]}]},{"@type":"BreadcrumbList","@id":"https:\/\/projektniro.pl\/#breadcrumb","itemListElement":[{"@type":"ListItem","position":1,"name":"Strona g\u0142\u00f3wna","item":"https:\/\/projektniro.pl\/"},{"@type":"ListItem","position":2,"name":"Studio projektowania wn\u0119trz"}]}]}},"_links":{"self":[{"href":"https:\/\/projektniro.pl\/index.php\/wp-json\/wp\/v2\/pages\/92"}],"collection":[{"href":"https:\/\/projektniro.pl\/index.php\/wp-json\/wp\/v2\/pages"}],"about":[{"href":"https:\/\/projektniro.pl\/index.php\/wp-json\/wp\/v2\/types\/page"}],"author":[{"embeddable":true,"href":"https:\/\/projektniro.pl\/index.php\/wp-json\/wp\/v2\/users\/1"}],"replies":[{"embeddable":true,"href":"https:\/\/projektniro.pl\/index.php\/wp-json\/wp\/v2\/comments?post=92"}],"version-history":[{"count":19,"href":"https:\/\/projektniro.pl\/index.php\/wp-json\/wp\/v2\/pages\/92\/revisions"}],"predecessor-version":[{"id":1025,"href":"https:\/\/projektniro.pl\/index.php\/wp-json\/wp\/v2\/pages\/92\/revisions\/1025"}],"wp:attachment":[{"href":"https:\/\/projektniro.pl\/index.php\/wp-json\/wp\/v2\/media?parent=92"}],"curies":[{"name":"wp","href":"https:\/\/api.w.org\/{rel}","templated":true}]}}