{"id":601,"date":"2021-08-27T18:00:45","date_gmt":"2021-08-27T16:00:45","guid":{"rendered":"http:\/\/projektniro.pl\/?page_id=601"},"modified":"2022-04-29T12:05:12","modified_gmt":"2022-04-29T10:05:12","slug":"pisza-o-nass","status":"publish","type":"page","link":"https:\/\/projektniro.pl\/index.php\/pisza-o-nass\/","title":{"rendered":"Pisz\u0105 o nas"},"content":{"rendered":"\n<p><\/p>\n\n\n\n<div class=\"wp-block-columns are-vertically-aligned-center\">\n<div class=\"wp-block-column is-vertically-aligned-center\">\n<figure class=\"wp-block-embed is-type-wp-embed is-provider-pln-design wp-block-embed-pln-design\"><div class=\"wp-block-embed__wrapper\">\n<blockquote class=\"wp-embedded-content\" data-secret=\"46DMU8krnK\"><a href=\"https:\/\/plndesign.pl\/loftowe-wnetrza-we-wroclawiu-projektu-pracowni-niro\/\">Loftowe wn\u0119trza we Wroc\u0142awiu od pracowni Projekt NiRo<\/a><\/blockquote><iframe class=\"wp-embedded-content\" sandbox=\"allow-scripts\" security=\"restricted\" style=\"position: absolute; clip: rect(1px, 1px, 1px, 1px);\" title=\"&#8222;Loftowe wn\u0119trza we Wroc\u0142awiu od pracowni Projekt NiRo&#8221; &#8212; PLN Design\" src=\"https:\/\/plndesign.pl\/loftowe-wnetrza-we-wroclawiu-projektu-pracowni-niro\/embed\/#?secret=5qopUn9NRI#?secret=46DMU8krnK\" data-secret=\"46DMU8krnK\" width=\"600\" height=\"338\" frameborder=\"0\" marginwidth=\"0\" marginheight=\"0\" scrolling=\"no\"><\/iframe>\n<\/div><\/figure>\n<\/div>\n\n\n\n<div class=\"wp-block-column is-vertically-aligned-center\">\n<p class=\"has-medium-font-size\">Projekt NiRo w PLN DESIGN!!!<\/p>\n\n\n\n<p>Artyku\u0142 o jednym z projekt\u00f3w ukaza\u0142 si\u0119 na portalu PLN DESIGN<\/p>\n<\/div>\n<\/div>\n\n\n\n<div class=\"wp-block-media-text alignwide has-media-on-the-right is-stacked-on-mobile\"><figure class=\"wp-block-media-text__media\"><a href=\"http:\/\/projektniro.pl\/index.php\/dom-w-pastelach\/\"><img loading=\"lazy\" width=\"1024\" height=\"717\" src=\"http:\/\/projektniro.pl\/wp-content\/uploads\/2021\/04\/20210209_3-1024x717.jpg\" alt=\"\" class=\"wp-image-218 size-full\" srcset=\"https:\/\/projektniro.pl\/wp-content\/uploads\/2021\/04\/20210209_3-1024x717.jpg 1024w, https:\/\/projektniro.pl\/wp-content\/uploads\/2021\/04\/20210209_3-300x210.jpg 300w, https:\/\/projektniro.pl\/wp-content\/uploads\/2021\/04\/20210209_3-768x538.jpg 768w, https:\/\/projektniro.pl\/wp-content\/uploads\/2021\/04\/20210209_3-1536x1075.jpg 1536w, https:\/\/projektniro.pl\/wp-content\/uploads\/2021\/04\/20210209_3.jpg 2000w\" sizes=\"(max-width: 1024px) 100vw, 1024px\" \/><\/a><\/figure><div class=\"wp-block-media-text__content\">\n<p class=\"has-medium-font-size\">Kuchenne trendy 2022<\/p>\n\n\n\n<p>Nasza kuchnia wyr\u00f3\u017cniona jako kuchenny trend roku 2022<\/p>\n\n\n\n<p><a href=\"https:\/\/aranzacjawnetrz.com.pl\/kuchenne-trendy-2022\/\" target=\"_blank\" rel=\"noreferrer noopener\">https:\/\/aranzacjawnetrz.com.pl\/kuchenne-trendy-2022\/<\/a><\/p>\n<\/div><\/div>\n\n\n\n<p><\/p>\n\n\n\n<div class=\"wp-block-media-text alignwide is-stacked-on-mobile\"><figure class=\"wp-block-media-text__media\"><a href=\"https:\/\/projektniro.pl\/index.php\/konkurs-showroom-logan\/\"><img loading=\"lazy\" width=\"1024\" height=\"768\" src=\"http:\/\/projektniro.pl\/wp-content\/uploads\/2021\/10\/20211001_2-1024x768.jpg\" alt=\"\" class=\"wp-image-669 size-full\" srcset=\"https:\/\/projektniro.pl\/wp-content\/uploads\/2021\/10\/20211001_2-1024x768.jpg 1024w, https:\/\/projektniro.pl\/wp-content\/uploads\/2021\/10\/20211001_2-300x225.jpg 300w, https:\/\/projektniro.pl\/wp-content\/uploads\/2021\/10\/20211001_2-768x576.jpg 768w, https:\/\/projektniro.pl\/wp-content\/uploads\/2021\/10\/20211001_2-1536x1152.jpg 1536w, https:\/\/projektniro.pl\/wp-content\/uploads\/2021\/10\/20211001_2.jpg 1920w\" sizes=\"(max-width: 1024px) 100vw, 1024px\" \/><\/a><\/figure><div class=\"wp-block-media-text__content\">\n<p class=\"has-medium-font-size\">Zaj\u0119li\u015bmy I miejsce w konkursie Showroom Logan. <\/p>\n\n\n\n<p><a href=\"https:\/\/showroomlogan.pl\/konkurs\/\" target=\"_blank\" rel=\"noreferrer noopener\">https:\/\/showroomlogan.pl\/konkurs\/<\/a><\/p>\n<\/div><\/div>\n\n\n\n<div class=\"wp-block-media-text alignwide has-media-on-the-right is-stacked-on-mobile\"><figure class=\"wp-block-media-text__media\"><a href=\"http:\/\/projektniro.pl\/index.php\/konkurs-cerrad\/\"><img loading=\"lazy\" width=\"1024\" height=\"768\" src=\"http:\/\/projektniro.pl\/wp-content\/uploads\/2021\/07\/20210408_4-1024x768.jpg\" alt=\"\" class=\"wp-image-511 size-full\" srcset=\"https:\/\/projektniro.pl\/wp-content\/uploads\/2021\/07\/20210408_4-1024x768.jpg 1024w, https:\/\/projektniro.pl\/wp-content\/uploads\/2021\/07\/20210408_4-300x225.jpg 300w, https:\/\/projektniro.pl\/wp-content\/uploads\/2021\/07\/20210408_4-768x576.jpg 768w, https:\/\/projektniro.pl\/wp-content\/uploads\/2021\/07\/20210408_4-1536x1152.jpg 1536w, https:\/\/projektniro.pl\/wp-content\/uploads\/2021\/07\/20210408_4.jpg 2000w\" sizes=\"(max-width: 1024px) 100vw, 1024px\" \/><\/a><\/figure><div class=\"wp-block-media-text__content\">\n<p class=\"has-medium-font-size\">Zaj\u0119li\u015bmy II miejsce w konkursie Cerrad Creative Design II na aran\u017cacj\u0119 \u0142azienki przedszkolnej.<\/p>\n\n\n\n<p><a href=\"https:\/\/cerrad.com\/aktualnosci\/rozstrzygniecie-konkursu\/\" target=\"_blank\" rel=\"noreferrer noopener\">https:\/\/cerrad.com\/aktualnosci\/rozstrzygniecie-konkursu\/<\/a><\/p>\n<\/div><\/div>\n\n\n\n<div class=\"wp-block-media-text alignwide is-stacked-on-mobile\"><figure class=\"wp-block-media-text__media\"><a href=\"http:\/\/projektniro.pl\/index.php\/projekt-miesiaca-czerwiec-2021\/\"><img loading=\"lazy\" width=\"1024\" height=\"768\" src=\"http:\/\/projektniro.pl\/wp-content\/uploads\/2021\/04\/20210312_4-1024x768.jpg\" alt=\"\" class=\"wp-image-233 size-full\" srcset=\"https:\/\/projektniro.pl\/wp-content\/uploads\/2021\/04\/20210312_4-1024x768.jpg 1024w, https:\/\/projektniro.pl\/wp-content\/uploads\/2021\/04\/20210312_4-300x225.jpg 300w, https:\/\/projektniro.pl\/wp-content\/uploads\/2021\/04\/20210312_4-768x576.jpg 768w, https:\/\/projektniro.pl\/wp-content\/uploads\/2021\/04\/20210312_4.jpg 1500w\" sizes=\"(max-width: 1024px) 100vw, 1024px\" \/><\/a><\/figure><div class=\"wp-block-media-text__content\">\n<p class=\"has-medium-font-size\">Projekt miesi\u0105ca w portalu Aran\u017cacja Wn\u0119trz.<\/p>\n<\/div><\/div>\n\n\n\n<div class=\"wp-block-media-text alignwide has-media-on-the-right is-stacked-on-mobile\"><figure class=\"wp-block-media-text__media\"><a href=\"http:\/\/projektniro.pl\/index.php\/projekt-dnia\/\"><img loading=\"lazy\" width=\"1024\" height=\"717\" src=\"http:\/\/projektniro.pl\/wp-content\/uploads\/2021\/04\/20210209_5-1024x717.jpg\" alt=\"\" class=\"wp-image-220 size-full\" srcset=\"https:\/\/projektniro.pl\/wp-content\/uploads\/2021\/04\/20210209_5-1024x717.jpg 1024w, https:\/\/projektniro.pl\/wp-content\/uploads\/2021\/04\/20210209_5-300x210.jpg 300w, https:\/\/projektniro.pl\/wp-content\/uploads\/2021\/04\/20210209_5-768x538.jpg 768w, https:\/\/projektniro.pl\/wp-content\/uploads\/2021\/04\/20210209_5.jpg 1500w\" sizes=\"(max-width: 1024px) 100vw, 1024px\" \/><\/a><\/figure><div class=\"wp-block-media-text__content\">\n<p class=\"has-medium-font-size\">Projekt dnia w portalu Aran\u017cacja Wn\u0119trz.<\/p>\n<\/div><\/div>\n","protected":false},"excerpt":{"rendered":"<p>Projekt NiRo w PLN DESIGN!!! Artyku\u0142 o jednym z projekt\u00f3w ukaza\u0142 si\u0119 na portalu PLN DESIGN Kuchenne trendy 2022 Nasza kuchnia wyr\u00f3\u017cniona jako kuchenny trend roku 2022 https:\/\/aranzacjawnetrz.com.pl\/kuchenne-trendy-2022\/ Zaj\u0119li\u015bmy I miejsce w konkursie Showroom Logan. https:\/\/showroomlogan.pl\/konkurs\/ Zaj\u0119li\u015bmy II miejsce w konkursie Cerrad Creative Design II na aran\u017cacj\u0119 \u0142azienki przedszkolnej. https:\/\/cerrad.com\/aktualnosci\/rozstrzygniecie-konkursu\/ Projekt miesi\u0105ca w portalu Aran\u017cacja &hellip; <\/p>\n","protected":false},"author":1,"featured_media":0,"parent":0,"menu_order":0,"comment_status":"closed","ping_status":"closed","template":"","meta":[],"yoast_head":"<!-- This site is optimized with the Yoast SEO plugin v19.4 - https:\/\/yoast.com\/wordpress\/plugins\/seo\/ -->\n<title>Pisz\u0105 o nas - Projekt NiRo<\/title>\n<meta name=\"robots\" content=\"index, follow, max-snippet:-1, max-image-preview:large, max-video-preview:-1\" \/>\n<link rel=\"canonical\" href=\"https:\/\/projektniro.pl\/index.php\/pisza-o-nass\/\" \/>\n<meta property=\"og:locale\" content=\"pl_PL\" \/>\n<meta property=\"og:type\" content=\"article\" \/>\n<meta property=\"og:title\" content=\"Pisz\u0105 o nas - Projekt NiRo\" \/>\n<meta property=\"og:description\" content=\"Projekt NiRo w PLN DESIGN!!! Artyku\u0142 o jednym z projekt\u00f3w ukaza\u0142 si\u0119 na portalu PLN DESIGN Kuchenne trendy 2022 Nasza kuchnia wyr\u00f3\u017cniona jako kuchenny trend roku 2022 https:\/\/aranzacjawnetrz.com.pl\/kuchenne-trendy-2022\/ Zaj\u0119li\u015bmy I miejsce w konkursie Showroom Logan. https:\/\/showroomlogan.pl\/konkurs\/ Zaj\u0119li\u015bmy II miejsce w konkursie Cerrad Creative Design II na aran\u017cacj\u0119 \u0142azienki przedszkolnej. https:\/\/cerrad.com\/aktualnosci\/rozstrzygniecie-konkursu\/ Projekt miesi\u0105ca w portalu Aran\u017cacja &hellip;\" \/>\n<meta property=\"og:url\" content=\"https:\/\/projektniro.pl\/index.php\/pisza-o-nass\/\" \/>\n<meta property=\"og:site_name\" content=\"Projekt NiRo\" \/>\n<meta property=\"article:modified_time\" content=\"2022-04-29T10:05:12+00:00\" \/>\n<meta property=\"og:image\" content=\"http:\/\/projektniro.pl\/wp-content\/uploads\/2021\/04\/20210209_3-1024x717.jpg\" \/>\n<meta name=\"twitter:card\" content=\"summary_large_image\" \/>\n<meta name=\"twitter:label1\" content=\"Szacowany czas czytania\" \/>\n\t<meta name=\"twitter:data1\" content=\"2 minuty\" \/>\n<script type=\"application\/ld+json\" class=\"yoast-schema-graph\">{\"@context\":\"https:\/\/schema.org\",\"@graph\":[{\"@type\":\"Organization\",\"@id\":\"https:\/\/projektniro.pl\/#organization\",\"name\":\"Projekt NiRo\",\"url\":\"https:\/\/projektniro.pl\/\",\"sameAs\":[],\"logo\":{\"@type\":\"ImageObject\",\"inLanguage\":\"pl-PL\",\"@id\":\"https:\/\/projektniro.pl\/#\/schema\/logo\/image\/\",\"url\":\"https:\/\/projektniro.pl\/wp-content\/uploads\/2021\/04\/Miniatura-e1617656633611.jpg\",\"contentUrl\":\"https:\/\/projektniro.pl\/wp-content\/uploads\/2021\/04\/Miniatura-e1617656633611.jpg\",\"width\":100,\"height\":87,\"caption\":\"Projekt NiRo\"},\"image\":{\"@id\":\"https:\/\/projektniro.pl\/#\/schema\/logo\/image\/\"}},{\"@type\":\"WebSite\",\"@id\":\"https:\/\/projektniro.pl\/#website\",\"url\":\"https:\/\/projektniro.pl\/\",\"name\":\"Projekt NiRo\",\"description\":\"\",\"publisher\":{\"@id\":\"https:\/\/projektniro.pl\/#organization\"},\"potentialAction\":[{\"@type\":\"SearchAction\",\"target\":{\"@type\":\"EntryPoint\",\"urlTemplate\":\"https:\/\/projektniro.pl\/?s={search_term_string}\"},\"query-input\":\"required name=search_term_string\"}],\"inLanguage\":\"pl-PL\"},{\"@type\":\"WebPage\",\"@id\":\"https:\/\/projektniro.pl\/index.php\/pisza-o-nass\/\",\"url\":\"https:\/\/projektniro.pl\/index.php\/pisza-o-nass\/\",\"name\":\"Pisz\u0105 o nas - Projekt NiRo\",\"isPartOf\":{\"@id\":\"https:\/\/projektniro.pl\/#website\"},\"datePublished\":\"2021-08-27T16:00:45+00:00\",\"dateModified\":\"2022-04-29T10:05:12+00:00\",\"breadcrumb\":{\"@id\":\"https:\/\/projektniro.pl\/index.php\/pisza-o-nass\/#breadcrumb\"},\"inLanguage\":\"pl-PL\",\"potentialAction\":[{\"@type\":\"ReadAction\",\"target\":[\"https:\/\/projektniro.pl\/index.php\/pisza-o-nass\/\"]}]},{\"@type\":\"BreadcrumbList\",\"@id\":\"https:\/\/projektniro.pl\/index.php\/pisza-o-nass\/#breadcrumb\",\"itemListElement\":[{\"@type\":\"ListItem\",\"position\":1,\"name\":\"Strona g\u0142\u00f3wna\",\"item\":\"https:\/\/projektniro.pl\/\"},{\"@type\":\"ListItem\",\"position\":2,\"name\":\"Pisz\u0105 o nas\"}]}]}<\/script>\n<!-- \/ Yoast SEO plugin. -->","yoast_head_json":{"title":"Pisz\u0105 o nas - Projekt NiRo","robots":{"index":"index","follow":"follow","max-snippet":"max-snippet:-1","max-image-preview":"max-image-preview:large","max-video-preview":"max-video-preview:-1"},"canonical":"https:\/\/projektniro.pl\/index.php\/pisza-o-nass\/","og_locale":"pl_PL","og_type":"article","og_title":"Pisz\u0105 o nas - Projekt NiRo","og_description":"Projekt NiRo w PLN DESIGN!!! Artyku\u0142 o jednym z projekt\u00f3w ukaza\u0142 si\u0119 na portalu PLN DESIGN Kuchenne trendy 2022 Nasza kuchnia wyr\u00f3\u017cniona jako kuchenny trend roku 2022 https:\/\/aranzacjawnetrz.com.pl\/kuchenne-trendy-2022\/ Zaj\u0119li\u015bmy I miejsce w konkursie Showroom Logan. https:\/\/showroomlogan.pl\/konkurs\/ Zaj\u0119li\u015bmy II miejsce w konkursie Cerrad Creative Design II na aran\u017cacj\u0119 \u0142azienki przedszkolnej. https:\/\/cerrad.com\/aktualnosci\/rozstrzygniecie-konkursu\/ Projekt miesi\u0105ca w portalu Aran\u017cacja &hellip;","og_url":"https:\/\/projektniro.pl\/index.php\/pisza-o-nass\/","og_site_name":"Projekt NiRo","article_modified_time":"2022-04-29T10:05:12+00:00","og_image":[{"url":"http:\/\/projektniro.pl\/wp-content\/uploads\/2021\/04\/20210209_3-1024x717.jpg"}],"twitter_card":"summary_large_image","twitter_misc":{"Szacowany czas czytania":"2 minuty"},"schema":{"@context":"https:\/\/schema.org","@graph":[{"@type":"Organization","@id":"https:\/\/projektniro.pl\/#organization","name":"Projekt NiRo","url":"https:\/\/projektniro.pl\/","sameAs":[],"logo":{"@type":"ImageObject","inLanguage":"pl-PL","@id":"https:\/\/projektniro.pl\/#\/schema\/logo\/image\/","url":"https:\/\/projektniro.pl\/wp-content\/uploads\/2021\/04\/Miniatura-e1617656633611.jpg","contentUrl":"https:\/\/projektniro.pl\/wp-content\/uploads\/2021\/04\/Miniatura-e1617656633611.jpg","width":100,"height":87,"caption":"Projekt NiRo"},"image":{"@id":"https:\/\/projektniro.pl\/#\/schema\/logo\/image\/"}},{"@type":"WebSite","@id":"https:\/\/projektniro.pl\/#website","url":"https:\/\/projektniro.pl\/","name":"Projekt NiRo","description":"","publisher":{"@id":"https:\/\/projektniro.pl\/#organization"},"potentialAction":[{"@type":"SearchAction","target":{"@type":"EntryPoint","urlTemplate":"https:\/\/projektniro.pl\/?s={search_term_string}"},"query-input":"required name=search_term_string"}],"inLanguage":"pl-PL"},{"@type":"WebPage","@id":"https:\/\/projektniro.pl\/index.php\/pisza-o-nass\/","url":"https:\/\/projektniro.pl\/index.php\/pisza-o-nass\/","name":"Pisz\u0105 o nas - Projekt NiRo","isPartOf":{"@id":"https:\/\/projektniro.pl\/#website"},"datePublished":"2021-08-27T16:00:45+00:00","dateModified":"2022-04-29T10:05:12+00:00","breadcrumb":{"@id":"https:\/\/projektniro.pl\/index.php\/pisza-o-nass\/#breadcrumb"},"inLanguage":"pl-PL","potentialAction":[{"@type":"ReadAction","target":["https:\/\/projektniro.pl\/index.php\/pisza-o-nass\/"]}]},{"@type":"BreadcrumbList","@id":"https:\/\/projektniro.pl\/index.php\/pisza-o-nass\/#breadcrumb","itemListElement":[{"@type":"ListItem","position":1,"name":"Strona g\u0142\u00f3wna","item":"https:\/\/projektniro.pl\/"},{"@type":"ListItem","position":2,"name":"Pisz\u0105 o nas"}]}]}},"_links":{"self":[{"href":"https:\/\/projektniro.pl\/index.php\/wp-json\/wp\/v2\/pages\/601"}],"collection":[{"href":"https:\/\/projektniro.pl\/index.php\/wp-json\/wp\/v2\/pages"}],"about":[{"href":"https:\/\/projektniro.pl\/index.php\/wp-json\/wp\/v2\/types\/page"}],"author":[{"embeddable":true,"href":"https:\/\/projektniro.pl\/index.php\/wp-json\/wp\/v2\/users\/1"}],"replies":[{"embeddable":true,"href":"https:\/\/projektniro.pl\/index.php\/wp-json\/wp\/v2\/comments?post=601"}],"version-history":[{"count":13,"href":"https:\/\/projektniro.pl\/index.php\/wp-json\/wp\/v2\/pages\/601\/revisions"}],"predecessor-version":[{"id":988,"href":"https:\/\/projektniro.pl\/index.php\/wp-json\/wp\/v2\/pages\/601\/revisions\/988"}],"wp:attachment":[{"href":"https:\/\/projektniro.pl\/index.php\/wp-json\/wp\/v2\/media?parent=601"}],"curies":[{"name":"wp","href":"https:\/\/api.w.org\/{rel}","templated":true}]}}