{"id":6,"date":"2021-02-07T12:35:30","date_gmt":"2021-02-07T11:35:30","guid":{"rendered":"http:\/\/projektniro.pl\/?page_id=6"},"modified":"2022-04-04T23:50:00","modified_gmt":"2022-04-04T21:50:00","slug":"the-new-umoma-opens-its-doors-2","status":"publish","type":"page","link":"https:\/\/projektniro.pl\/index.php\/the-new-umoma-opens-its-doors-2\/","title":{"rendered":"O mnie"},"content":{"rendered":"\n<p><\/p>\n\n\n\n<div class=\"wp-block-media-text alignwide has-media-on-the-right is-stacked-on-mobile is-vertically-aligned-top\" style=\"grid-template-columns:auto 47%\"><figure class=\"wp-block-media-text__media\"><img loading=\"lazy\" width=\"1024\" height=\"683\" src=\"http:\/\/projektniro.pl\/wp-content\/uploads\/2022\/04\/IMG_6325-1024x683.jpg\" alt=\"\" class=\"wp-image-957 size-full\" srcset=\"https:\/\/projektniro.pl\/wp-content\/uploads\/2022\/04\/IMG_6325-1024x683.jpg 1024w, https:\/\/projektniro.pl\/wp-content\/uploads\/2022\/04\/IMG_6325-300x200.jpg 300w, https:\/\/projektniro.pl\/wp-content\/uploads\/2022\/04\/IMG_6325-768x512.jpg 768w, https:\/\/projektniro.pl\/wp-content\/uploads\/2022\/04\/IMG_6325-1536x1024.jpg 1536w, https:\/\/projektniro.pl\/wp-content\/uploads\/2022\/04\/IMG_6325-2048x1365.jpg 2048w\" sizes=\"(max-width: 1024px) 100vw, 1024px\" \/><\/figure><div class=\"wp-block-media-text__content\">\n<p>Nazywam si\u0119 Nina Rosi\u0144ska i od o\u015bmiu lat z pasj\u0105 zajmuj\u0119 si\u0119 projektowaniem wn\u0119trz. Uko\u0144czy\u0142am Architektur\u0119 na Politechnice Wroc\u0142awskiej i to w\u0142a\u015bnie dlatego poza tworzeniem pi\u0119knych i funkcjonalnych wn\u0119trz szczeg\u00f3ln\u0105 uwag\u0119 zwracam na techniczne detale. W wolnych chwilach fotografuj\u0119, ogl\u0105dam seriale i zwiedzam nieznane mi jeszcze zak\u0105tki Polski.<\/p>\n\n\n\n<p>Pod\u0105\u017caj\u0105c za szybko zmieniaj\u0105cymi si\u0119 trendami dbam, aby moje projekty odzwierciedla\u0142y charakter i osobowo\u015b\u0107 Inwestor\u00f3w, bo tylko wtedy stan\u0105 si\u0119 ponadczasowe. Dbam zar\u00f3wno o estetyk\u0119 wn\u0119trza jak i profesjonalne rysunki techniczne, charakterystyk\u0119 materia\u0142\u00f3w, detale mebli dla wykonawc\u00f3w.<\/p>\n\n\n\n<p>Ka\u017cdy projekt traktuj\u0119 jak wyzwanie \u2013 wyzwanie do spe\u0142nienia marze\u0144 Klient\u00f3w.<\/p>\n\n\n\n<p class=\"has-black-color has-text-color\">Jak wygl\u0105da wsp\u00f3\u0142praca? Zapraszam d<span class=\"has-inline-color has-black-color\">o przeczytan<\/span>ia <span class=\"has-inline-color has-black-color\"><strong><a href=\"http:\/\/projektniro.pl\/index.php\/etapy-projektu\/\">ETAPY PROJEKTU<\/a><\/strong><\/span> i obejrzenia  <span class=\"has-inline-color has-black-color\"><strong><a href=\"http:\/\/projektniro.pl\/index.php\/portfolio\/\">PORTFOLIO<\/a><\/strong><\/span><\/p>\n\n\n\n<p><\/p>\n<\/div><\/div>\n\n\n\n<p><\/p>\n","protected":false},"excerpt":{"rendered":"<p>Nazywam si\u0119 Nina Rosi\u0144ska i od o\u015bmiu lat z pasj\u0105 zajmuj\u0119 si\u0119 projektowaniem wn\u0119trz. Uko\u0144czy\u0142am Architektur\u0119 na Politechnice Wroc\u0142awskiej i to w\u0142a\u015bnie dlatego poza tworzeniem pi\u0119knych i funkcjonalnych wn\u0119trz szczeg\u00f3ln\u0105 uwag\u0119 zwracam na techniczne detale. W wolnych chwilach fotografuj\u0119, ogl\u0105dam seriale i zwiedzam nieznane mi jeszcze zak\u0105tki Polski. Pod\u0105\u017caj\u0105c za szybko zmieniaj\u0105cymi si\u0119 trendami dbam, &hellip; <\/p>\n","protected":false},"author":1,"featured_media":0,"parent":0,"menu_order":0,"comment_status":"closed","ping_status":"closed","template":"","meta":[],"yoast_head":"<!-- This site is optimized with the Yoast SEO plugin v19.4 - https:\/\/yoast.com\/wordpress\/plugins\/seo\/ -->\n<title>O mnie - Projekt NiRo<\/title>\n<meta name=\"robots\" content=\"index, follow, max-snippet:-1, max-image-preview:large, max-video-preview:-1\" \/>\n<link rel=\"canonical\" href=\"https:\/\/projektniro.pl\/index.php\/the-new-umoma-opens-its-doors-2\/\" \/>\n<meta property=\"og:locale\" content=\"pl_PL\" \/>\n<meta property=\"og:type\" content=\"article\" \/>\n<meta property=\"og:title\" content=\"O mnie - Projekt NiRo\" \/>\n<meta property=\"og:description\" content=\"Nazywam si\u0119 Nina Rosi\u0144ska i od o\u015bmiu lat z pasj\u0105 zajmuj\u0119 si\u0119 projektowaniem wn\u0119trz. Uko\u0144czy\u0142am Architektur\u0119 na Politechnice Wroc\u0142awskiej i to w\u0142a\u015bnie dlatego poza tworzeniem pi\u0119knych i funkcjonalnych wn\u0119trz szczeg\u00f3ln\u0105 uwag\u0119 zwracam na techniczne detale. W wolnych chwilach fotografuj\u0119, ogl\u0105dam seriale i zwiedzam nieznane mi jeszcze zak\u0105tki Polski. Pod\u0105\u017caj\u0105c za szybko zmieniaj\u0105cymi si\u0119 trendami dbam, &hellip;\" \/>\n<meta property=\"og:url\" content=\"https:\/\/projektniro.pl\/index.php\/the-new-umoma-opens-its-doors-2\/\" \/>\n<meta property=\"og:site_name\" content=\"Projekt NiRo\" \/>\n<meta property=\"article:modified_time\" content=\"2022-04-04T21:50:00+00:00\" \/>\n<meta property=\"og:image\" content=\"http:\/\/projektniro.pl\/wp-content\/uploads\/2022\/04\/IMG_6325-1024x683.jpg\" \/>\n<meta name=\"twitter:card\" content=\"summary_large_image\" \/>\n<meta name=\"twitter:label1\" content=\"Szacowany czas czytania\" \/>\n\t<meta name=\"twitter:data1\" content=\"1 minuta\" \/>\n<script type=\"application\/ld+json\" class=\"yoast-schema-graph\">{\"@context\":\"https:\/\/schema.org\",\"@graph\":[{\"@type\":\"Organization\",\"@id\":\"https:\/\/projektniro.pl\/#organization\",\"name\":\"Projekt NiRo\",\"url\":\"https:\/\/projektniro.pl\/\",\"sameAs\":[],\"logo\":{\"@type\":\"ImageObject\",\"inLanguage\":\"pl-PL\",\"@id\":\"https:\/\/projektniro.pl\/#\/schema\/logo\/image\/\",\"url\":\"https:\/\/projektniro.pl\/wp-content\/uploads\/2021\/04\/Miniatura-e1617656633611.jpg\",\"contentUrl\":\"https:\/\/projektniro.pl\/wp-content\/uploads\/2021\/04\/Miniatura-e1617656633611.jpg\",\"width\":100,\"height\":87,\"caption\":\"Projekt NiRo\"},\"image\":{\"@id\":\"https:\/\/projektniro.pl\/#\/schema\/logo\/image\/\"}},{\"@type\":\"WebSite\",\"@id\":\"https:\/\/projektniro.pl\/#website\",\"url\":\"https:\/\/projektniro.pl\/\",\"name\":\"Projekt NiRo\",\"description\":\"\",\"publisher\":{\"@id\":\"https:\/\/projektniro.pl\/#organization\"},\"potentialAction\":[{\"@type\":\"SearchAction\",\"target\":{\"@type\":\"EntryPoint\",\"urlTemplate\":\"https:\/\/projektniro.pl\/?s={search_term_string}\"},\"query-input\":\"required name=search_term_string\"}],\"inLanguage\":\"pl-PL\"},{\"@type\":\"WebPage\",\"@id\":\"https:\/\/projektniro.pl\/index.php\/the-new-umoma-opens-its-doors-2\/\",\"url\":\"https:\/\/projektniro.pl\/index.php\/the-new-umoma-opens-its-doors-2\/\",\"name\":\"O mnie - Projekt NiRo\",\"isPartOf\":{\"@id\":\"https:\/\/projektniro.pl\/#website\"},\"datePublished\":\"2021-02-07T11:35:30+00:00\",\"dateModified\":\"2022-04-04T21:50:00+00:00\",\"breadcrumb\":{\"@id\":\"https:\/\/projektniro.pl\/index.php\/the-new-umoma-opens-its-doors-2\/#breadcrumb\"},\"inLanguage\":\"pl-PL\",\"potentialAction\":[{\"@type\":\"ReadAction\",\"target\":[\"https:\/\/projektniro.pl\/index.php\/the-new-umoma-opens-its-doors-2\/\"]}]},{\"@type\":\"BreadcrumbList\",\"@id\":\"https:\/\/projektniro.pl\/index.php\/the-new-umoma-opens-its-doors-2\/#breadcrumb\",\"itemListElement\":[{\"@type\":\"ListItem\",\"position\":1,\"name\":\"Strona g\u0142\u00f3wna\",\"item\":\"https:\/\/projektniro.pl\/\"},{\"@type\":\"ListItem\",\"position\":2,\"name\":\"O mnie\"}]}]}<\/script>\n<!-- \/ Yoast SEO plugin. -->","yoast_head_json":{"title":"O mnie - Projekt NiRo","robots":{"index":"index","follow":"follow","max-snippet":"max-snippet:-1","max-image-preview":"max-image-preview:large","max-video-preview":"max-video-preview:-1"},"canonical":"https:\/\/projektniro.pl\/index.php\/the-new-umoma-opens-its-doors-2\/","og_locale":"pl_PL","og_type":"article","og_title":"O mnie - Projekt NiRo","og_description":"Nazywam si\u0119 Nina Rosi\u0144ska i od o\u015bmiu lat z pasj\u0105 zajmuj\u0119 si\u0119 projektowaniem wn\u0119trz. Uko\u0144czy\u0142am Architektur\u0119 na Politechnice Wroc\u0142awskiej i to w\u0142a\u015bnie dlatego poza tworzeniem pi\u0119knych i funkcjonalnych wn\u0119trz szczeg\u00f3ln\u0105 uwag\u0119 zwracam na techniczne detale. W wolnych chwilach fotografuj\u0119, ogl\u0105dam seriale i zwiedzam nieznane mi jeszcze zak\u0105tki Polski. Pod\u0105\u017caj\u0105c za szybko zmieniaj\u0105cymi si\u0119 trendami dbam, &hellip;","og_url":"https:\/\/projektniro.pl\/index.php\/the-new-umoma-opens-its-doors-2\/","og_site_name":"Projekt NiRo","article_modified_time":"2022-04-04T21:50:00+00:00","og_image":[{"url":"http:\/\/projektniro.pl\/wp-content\/uploads\/2022\/04\/IMG_6325-1024x683.jpg"}],"twitter_card":"summary_large_image","twitter_misc":{"Szacowany czas czytania":"1 minuta"},"schema":{"@context":"https:\/\/schema.org","@graph":[{"@type":"Organization","@id":"https:\/\/projektniro.pl\/#organization","name":"Projekt NiRo","url":"https:\/\/projektniro.pl\/","sameAs":[],"logo":{"@type":"ImageObject","inLanguage":"pl-PL","@id":"https:\/\/projektniro.pl\/#\/schema\/logo\/image\/","url":"https:\/\/projektniro.pl\/wp-content\/uploads\/2021\/04\/Miniatura-e1617656633611.jpg","contentUrl":"https:\/\/projektniro.pl\/wp-content\/uploads\/2021\/04\/Miniatura-e1617656633611.jpg","width":100,"height":87,"caption":"Projekt NiRo"},"image":{"@id":"https:\/\/projektniro.pl\/#\/schema\/logo\/image\/"}},{"@type":"WebSite","@id":"https:\/\/projektniro.pl\/#website","url":"https:\/\/projektniro.pl\/","name":"Projekt NiRo","description":"","publisher":{"@id":"https:\/\/projektniro.pl\/#organization"},"potentialAction":[{"@type":"SearchAction","target":{"@type":"EntryPoint","urlTemplate":"https:\/\/projektniro.pl\/?s={search_term_string}"},"query-input":"required name=search_term_string"}],"inLanguage":"pl-PL"},{"@type":"WebPage","@id":"https:\/\/projektniro.pl\/index.php\/the-new-umoma-opens-its-doors-2\/","url":"https:\/\/projektniro.pl\/index.php\/the-new-umoma-opens-its-doors-2\/","name":"O mnie - Projekt NiRo","isPartOf":{"@id":"https:\/\/projektniro.pl\/#website"},"datePublished":"2021-02-07T11:35:30+00:00","dateModified":"2022-04-04T21:50:00+00:00","breadcrumb":{"@id":"https:\/\/projektniro.pl\/index.php\/the-new-umoma-opens-its-doors-2\/#breadcrumb"},"inLanguage":"pl-PL","potentialAction":[{"@type":"ReadAction","target":["https:\/\/projektniro.pl\/index.php\/the-new-umoma-opens-its-doors-2\/"]}]},{"@type":"BreadcrumbList","@id":"https:\/\/projektniro.pl\/index.php\/the-new-umoma-opens-its-doors-2\/#breadcrumb","itemListElement":[{"@type":"ListItem","position":1,"name":"Strona g\u0142\u00f3wna","item":"https:\/\/projektniro.pl\/"},{"@type":"ListItem","position":2,"name":"O mnie"}]}]}},"_links":{"self":[{"href":"https:\/\/projektniro.pl\/index.php\/wp-json\/wp\/v2\/pages\/6"}],"collection":[{"href":"https:\/\/projektniro.pl\/index.php\/wp-json\/wp\/v2\/pages"}],"about":[{"href":"https:\/\/projektniro.pl\/index.php\/wp-json\/wp\/v2\/types\/page"}],"author":[{"embeddable":true,"href":"https:\/\/projektniro.pl\/index.php\/wp-json\/wp\/v2\/users\/1"}],"replies":[{"embeddable":true,"href":"https:\/\/projektniro.pl\/index.php\/wp-json\/wp\/v2\/comments?post=6"}],"version-history":[{"count":25,"href":"https:\/\/projektniro.pl\/index.php\/wp-json\/wp\/v2\/pages\/6\/revisions"}],"predecessor-version":[{"id":958,"href":"https:\/\/projektniro.pl\/index.php\/wp-json\/wp\/v2\/pages\/6\/revisions\/958"}],"wp:attachment":[{"href":"https:\/\/projektniro.pl\/index.php\/wp-json\/wp\/v2\/media?parent=6"}],"curies":[{"name":"wp","href":"https:\/\/api.w.org\/{rel}","templated":true}]}}