{"id":55,"date":"2021-02-26T11:42:45","date_gmt":"2021-02-26T10:42:45","guid":{"rendered":"http:\/\/projektniro.pl\/?page_id=55"},"modified":"2022-03-15T22:22:07","modified_gmt":"2022-03-15T21:22:07","slug":"etapy-projektu","status":"publish","type":"page","link":"https:\/\/projektniro.pl\/index.php\/etapy-projektu\/","title":{"rendered":"Etapy projektu"},"content":{"rendered":"\n<div class=\"wp-block-image\"><figure class=\"aligncenter size-large\"><a href=\"http:\/\/projektniro.pl\/wp-content\/uploads\/2021\/04\/Etapy_projektu.png\"><img loading=\"lazy\" width=\"1024\" height=\"493\" src=\"http:\/\/projektniro.pl\/wp-content\/uploads\/2021\/04\/Etapy_projektu-1024x493.png\" alt=\"\" class=\"wp-image-108\" srcset=\"https:\/\/projektniro.pl\/wp-content\/uploads\/2021\/04\/Etapy_projektu-1024x493.png 1024w, https:\/\/projektniro.pl\/wp-content\/uploads\/2021\/04\/Etapy_projektu-300x144.png 300w, https:\/\/projektniro.pl\/wp-content\/uploads\/2021\/04\/Etapy_projektu-768x370.png 768w, https:\/\/projektniro.pl\/wp-content\/uploads\/2021\/04\/Etapy_projektu.png 1350w\" sizes=\"(max-width: 1024px) 100vw, 1024px\" \/><\/a><\/figure><\/div>\n\n\n\n<div class=\"wp-block-columns\">\n<div class=\"wp-block-column\" style=\"flex-basis:100%\">\n<div class=\"wp-block-columns\">\n<div class=\"wp-block-column\" style=\"flex-basis:100%\">\n<div class=\"wp-block-columns\">\n<div class=\"wp-block-column\">\n<p><strong>Pierwszy kontakt<\/strong><br>Pierwsza styczno\u015b\u0107 klienta z moj\u0105 pracowni\u0105 to rozmowa telefoniczna, wymiana maili lub korespondecji na messengerze. Na tym etapie odpowiadam na wszystkie pytania dotycz\u0105ce wsp\u00f3\u0142pracy. Mo\u017cemy podpisa\u0107 umow\u0119 i tym samym rezerwujemy termin na wykonanie projektu.<\/p>\n\n\n\n<p class=\"has-black-color has-text-color\"><a href=\"http:\/\/projektniro.pl\/index.php\/contact\/\">KONTAKT<\/a><\/p>\n<\/div>\n\n\n\n<div class=\"wp-block-column\">\n<figure class=\"wp-block-image size-large\"><img loading=\"lazy\" width=\"1024\" height=\"726\" src=\"http:\/\/projektniro.pl\/wp-content\/uploads\/2022\/03\/20220315_1-1024x726.png\" alt=\"\" class=\"wp-image-880\" srcset=\"https:\/\/projektniro.pl\/wp-content\/uploads\/2022\/03\/20220315_1-1024x726.png 1024w, https:\/\/projektniro.pl\/wp-content\/uploads\/2022\/03\/20220315_1-300x213.png 300w, https:\/\/projektniro.pl\/wp-content\/uploads\/2022\/03\/20220315_1-768x545.png 768w, https:\/\/projektniro.pl\/wp-content\/uploads\/2022\/03\/20220315_1-1536x1090.png 1536w, https:\/\/projektniro.pl\/wp-content\/uploads\/2022\/03\/20220315_1.png 1748w\" sizes=\"(max-width: 1024px) 100vw, 1024px\" \/><\/figure>\n<\/div>\n<\/div>\n\n\n\n<div class=\"wp-block-columns\">\n<div class=\"wp-block-column\">\n<p><strong>Pocz\u0105tek wsp\u00f3\u0142pracy<\/strong><br>Staram si\u0119 jak najlepiej pozna\u0107 gust i potrzeby klienta. Prosz\u0119 o wype\u0142nienie przes\u0142anej ankiety, a jej uzupe\u0142nieniem s\u0105 zdj\u0119cia i inspiracje.<\/p>\n<\/div>\n\n\n\n<div class=\"wp-block-column\">\n<figure class=\"wp-block-image size-full\"><img loading=\"lazy\" width=\"977\" height=\"788\" src=\"http:\/\/projektniro.pl\/wp-content\/uploads\/2022\/03\/20220315_2.png\" alt=\"\" class=\"wp-image-881\" srcset=\"https:\/\/projektniro.pl\/wp-content\/uploads\/2022\/03\/20220315_2.png 977w, https:\/\/projektniro.pl\/wp-content\/uploads\/2022\/03\/20220315_2-300x242.png 300w, https:\/\/projektniro.pl\/wp-content\/uploads\/2022\/03\/20220315_2-768x619.png 768w\" sizes=\"(max-width: 977px) 100vw, 977px\" \/><\/figure>\n<\/div>\n<\/div>\n\n\n\n<div class=\"wp-block-columns\">\n<div class=\"wp-block-column\">\n<p><strong>Inwentaryzacja<\/strong><br>W przypadku projekt\u00f3w we Wroc\u0142awiu i okolicy mog\u0119 wykona\u0107 pomiary samodzielnie. Wi\u0119kszo\u015b\u0107 projekt\u00f3w jednak wykonuj\u0119 zdalnie i rozpoczynamy wsp\u00f3\u0142prac\u0119, gdy mieszkanie\/dom nie s\u0105 jeszcze wybudowane. Bazuj\u0119 na rzutach od deweloper\u00f3w i architekt\u00f3w lub pomiarach wykonanych samodzielnie przez klient\u00f3w. <\/p>\n<\/div>\n\n\n\n<div class=\"wp-block-column\">\n<div class=\"wp-block-image\"><figure class=\"aligncenter size-large is-resized\"><img loading=\"lazy\" src=\"http:\/\/projektniro.pl\/wp-content\/uploads\/2022\/03\/20220315_3-769x1024.jpg\" alt=\"\" class=\"wp-image-882\" width=\"151\" height=\"201\" srcset=\"https:\/\/projektniro.pl\/wp-content\/uploads\/2022\/03\/20220315_3-769x1024.jpg 769w, https:\/\/projektniro.pl\/wp-content\/uploads\/2022\/03\/20220315_3-225x300.jpg 225w, https:\/\/projektniro.pl\/wp-content\/uploads\/2022\/03\/20220315_3-768x1023.jpg 768w, https:\/\/projektniro.pl\/wp-content\/uploads\/2022\/03\/20220315_3-1153x1536.jpg 1153w, https:\/\/projektniro.pl\/wp-content\/uploads\/2022\/03\/20220315_3-1538x2048.jpg 1538w, https:\/\/projektniro.pl\/wp-content\/uploads\/2022\/03\/20220315_3-scaled.jpg 1922w\" sizes=\"(max-width: 151px) 100vw, 151px\" \/><\/figure><\/div>\n<\/div>\n<\/div>\n\n\n\n<div class=\"wp-block-columns\">\n<div class=\"wp-block-column\">\n<p><strong>Uk\u0142ad funkcjonalny<\/strong><br>Zanim zaczniemy my\u015ble\u0107 o dok\u0142adnym wygl\u0105dzie przestrzeni, zastanawiamy si\u0119 jak b\u0119dzie ona wykorzystana. Dlatego staram si\u0119 zrozumie\u0107 styl \u017cycia, potrzeby i \u017cyczenia klienta. Na podstawie dok\u0142adnej analizy potrzeb na pocz\u0105tku proponuj\u0119 2 najkorzystniejsze ustawienia \u015bcian i mebli. Po informacji co w koncepcjach podoba si\u0119 najbardziej nast\u0119puje ich po\u0142\u0105czenie i ustalenie najodpowiedniejszego uk\u0142adu. Zale\u017cy mi na dok\u0142adnym zrozumieniu w jaki spos\u00f3b zamierzasz wykorzysta\u0107 swoj\u0105 przestrze\u0144. Na widokach z g\u00f3ry najlepiej jest wida\u0107 lokalizacj\u0119 wszystkich element\u00f3w oraz powsta\u0142e strefy i przestrzenie.<\/p>\n<\/div>\n\n\n\n<div class=\"wp-block-column\">\n<figure class=\"wp-block-image size-full\"><img loading=\"lazy\" width=\"766\" height=\"869\" src=\"http:\/\/projektniro.pl\/wp-content\/uploads\/2022\/03\/20220315_4.png\" alt=\"\" class=\"wp-image-883\" srcset=\"https:\/\/projektniro.pl\/wp-content\/uploads\/2022\/03\/20220315_4.png 766w, https:\/\/projektniro.pl\/wp-content\/uploads\/2022\/03\/20220315_4-264x300.png 264w\" sizes=\"(max-width: 766px) 100vw, 766px\" \/><\/figure>\n<\/div>\n<\/div>\n\n\n\n<div class=\"wp-block-columns\">\n<div class=\"wp-block-column\">\n<p><strong>Wizualizacje<\/strong><br>Najciekawszy i najbardziej wyczekiwany przez wszystkich etap projektu. Wizualizacje pokazuj\u0105 pomys\u0142 na wn\u0119trze, meble, o\u015bwietlenie, wyko\u0144czenie powierzchni.<\/p>\n\n\n\n<p>Zale\u017cy mi na zaprojektowaniu przestrzeni odzwierciedlaj\u0105cej gust, charakter i temperament wszystkich domownik\u00f3w. Chc\u0119 uwzgl\u0119dni\u0107 wszystkie potrzeby i marzenia, pogodzi\u0107 najbardziej odmienne gusta i opinie.<\/p>\n\n\n\n<p>Najwa\u017cniejsze dla mnie jest, aby\u015bcie patrz\u0105c na stworzone dla Was wizualizacje poczuli si\u0119 \u201ejak u siebie w domu\u201d.<\/p>\n\n\n\n<p class=\"has-black-color has-text-color\">Wi\u0119cej wizualizacji znajdziesz w <a href=\"http:\/\/projektniro.pl\/index.php\/portfolio\/\">PORTFOLIO<\/a><\/p>\n<\/div>\n\n\n\n<div class=\"wp-block-column\">\n<figure class=\"wp-block-image size-large\"><img loading=\"lazy\" width=\"1024\" height=\"768\" src=\"http:\/\/projektniro.pl\/wp-content\/uploads\/2022\/03\/20220315_5-1024x768.jpg\" alt=\"\" class=\"wp-image-884\" srcset=\"https:\/\/projektniro.pl\/wp-content\/uploads\/2022\/03\/20220315_5-1024x768.jpg 1024w, https:\/\/projektniro.pl\/wp-content\/uploads\/2022\/03\/20220315_5-300x225.jpg 300w, https:\/\/projektniro.pl\/wp-content\/uploads\/2022\/03\/20220315_5-768x576.jpg 768w, https:\/\/projektniro.pl\/wp-content\/uploads\/2022\/03\/20220315_5.jpg 1500w\" sizes=\"(max-width: 1024px) 100vw, 1024px\" \/><\/figure>\n<\/div>\n<\/div>\n\n\n\n<div class=\"wp-block-columns\">\n<div class=\"wp-block-column\">\n<p><strong>Lista produkt\u00f3w<\/strong><br>Du\u017cym u\u0142atwieniem przy realizacji inwestycji jest lista zakup\u00f3w, czyli d\u0142ugie zestawienie konkretnych mebli, o\u015bwietlenia, kolor\u00f3w malowania, p\u0142ytek, sztukaterii, ok\u0142adzin \u015bciennych i innych materia\u0142\u00f3w. Lista produkt\u00f3w zawiera opis, link do sklepu i zdj\u0119cie. W przypadku projektu kompleksowego dodatkowo cen\u0119 i potrzebn\u0105 ilo\u015b\u0107. <\/p>\n<\/div>\n\n\n\n<div class=\"wp-block-column\">\n<figure class=\"wp-block-image size-large\"><img loading=\"lazy\" width=\"1024\" height=\"719\" src=\"http:\/\/projektniro.pl\/wp-content\/uploads\/2022\/03\/20220315_6-1024x719.png\" alt=\"\" class=\"wp-image-885\" srcset=\"https:\/\/projektniro.pl\/wp-content\/uploads\/2022\/03\/20220315_6-1024x719.png 1024w, https:\/\/projektniro.pl\/wp-content\/uploads\/2022\/03\/20220315_6-300x211.png 300w, https:\/\/projektniro.pl\/wp-content\/uploads\/2022\/03\/20220315_6-768x539.png 768w, https:\/\/projektniro.pl\/wp-content\/uploads\/2022\/03\/20220315_6.png 1255w\" sizes=\"(max-width: 1024px) 100vw, 1024px\" \/><\/figure>\n<\/div>\n<\/div>\n\n\n\n<div class=\"wp-block-columns\">\n<div class=\"wp-block-column\">\n<p><strong>Rysunki techniczne<\/strong><br>Projekt kompleksowy zawiera rysunku techniczne. Jest to dokumentacja pomocna dla ekip wyko\u0144czeniowych. Powstaje po akceptacji wizualizacji. Dzi\u0119ki takiej dokumentacji mo\u017cna zaoszcz\u0119dzi\u0107 mn\u00f3stwo czasu na ustalanie szczeg\u00f3\u0142\u00f3w wykonawczych z ekipami. W sk\u0142ad rysunk\u00f3w wykonawczych wchodz\u0105: lokalizacja punkt\u00f3w elektrycznych i pod\u0142\u0105cze\u0144 wod-kan, rzut pod\u0142\u00f3g i sufit\u00f3w, widoki \u015bcian, rysunki mebli na wymiar.<\/p>\n<\/div>\n\n\n\n<div class=\"wp-block-column\">\n<figure class=\"wp-block-image size-large\"><img loading=\"lazy\" width=\"1024\" height=\"724\" src=\"http:\/\/projektniro.pl\/wp-content\/uploads\/2022\/03\/20220315_7-1024x724.jpg\" alt=\"\" class=\"wp-image-886\" srcset=\"https:\/\/projektniro.pl\/wp-content\/uploads\/2022\/03\/20220315_7-1024x724.jpg 1024w, https:\/\/projektniro.pl\/wp-content\/uploads\/2022\/03\/20220315_7-300x212.jpg 300w, https:\/\/projektniro.pl\/wp-content\/uploads\/2022\/03\/20220315_7-768x543.jpg 768w, https:\/\/projektniro.pl\/wp-content\/uploads\/2022\/03\/20220315_7-1536x1086.jpg 1536w, https:\/\/projektniro.pl\/wp-content\/uploads\/2022\/03\/20220315_7-2048x1448.jpg 2048w\" sizes=\"(max-width: 1024px) 100vw, 1024px\" \/><\/figure>\n<\/div>\n<\/div>\n<\/div>\n<\/div>\n<\/div>\n<\/div>\n\n\n\n<p><\/p>\n","protected":false},"excerpt":{"rendered":"<p>Pierwszy kontaktPierwsza styczno\u015b\u0107 klienta z moj\u0105 pracowni\u0105 to rozmowa telefoniczna, wymiana maili lub korespondecji na messengerze. Na tym etapie odpowiadam na wszystkie pytania dotycz\u0105ce wsp\u00f3\u0142pracy. Mo\u017cemy podpisa\u0107 umow\u0119 i tym samym rezerwujemy termin na wykonanie projektu. KONTAKT Pocz\u0105tek wsp\u00f3\u0142pracyStaram si\u0119 jak najlepiej pozna\u0107 gust i potrzeby klienta. Prosz\u0119 o wype\u0142nienie przes\u0142anej ankiety, a jej uzupe\u0142nieniem &hellip; <\/p>\n","protected":false},"author":1,"featured_media":0,"parent":0,"menu_order":0,"comment_status":"closed","ping_status":"closed","template":"","meta":[],"yoast_head":"<!-- This site is optimized with the Yoast SEO plugin v19.4 - https:\/\/yoast.com\/wordpress\/plugins\/seo\/ -->\n<title>Etapy projektu - Projekt NiRo<\/title>\n<meta name=\"robots\" content=\"index, follow, max-snippet:-1, max-image-preview:large, max-video-preview:-1\" \/>\n<link rel=\"canonical\" href=\"https:\/\/projektniro.pl\/index.php\/etapy-projektu\/\" \/>\n<meta property=\"og:locale\" content=\"pl_PL\" \/>\n<meta property=\"og:type\" content=\"article\" \/>\n<meta property=\"og:title\" content=\"Etapy projektu - Projekt NiRo\" \/>\n<meta property=\"og:description\" content=\"Pierwszy kontaktPierwsza styczno\u015b\u0107 klienta z moj\u0105 pracowni\u0105 to rozmowa telefoniczna, wymiana maili lub korespondecji na messengerze. Na tym etapie odpowiadam na wszystkie pytania dotycz\u0105ce wsp\u00f3\u0142pracy. Mo\u017cemy podpisa\u0107 umow\u0119 i tym samym rezerwujemy termin na wykonanie projektu. KONTAKT Pocz\u0105tek wsp\u00f3\u0142pracyStaram si\u0119 jak najlepiej pozna\u0107 gust i potrzeby klienta. Prosz\u0119 o wype\u0142nienie przes\u0142anej ankiety, a jej uzupe\u0142nieniem &hellip;\" \/>\n<meta property=\"og:url\" content=\"https:\/\/projektniro.pl\/index.php\/etapy-projektu\/\" \/>\n<meta property=\"og:site_name\" content=\"Projekt NiRo\" \/>\n<meta property=\"article:modified_time\" content=\"2022-03-15T21:22:07+00:00\" \/>\n<meta property=\"og:image\" content=\"http:\/\/projektniro.pl\/wp-content\/uploads\/2021\/04\/Etapy_projektu-1024x493.png\" \/>\n<meta name=\"twitter:card\" content=\"summary_large_image\" \/>\n<meta name=\"twitter:label1\" content=\"Szacowany czas czytania\" \/>\n\t<meta name=\"twitter:data1\" content=\"4 minuty\" \/>\n<script type=\"application\/ld+json\" class=\"yoast-schema-graph\">{\"@context\":\"https:\/\/schema.org\",\"@graph\":[{\"@type\":\"Organization\",\"@id\":\"https:\/\/projektniro.pl\/#organization\",\"name\":\"Projekt NiRo\",\"url\":\"https:\/\/projektniro.pl\/\",\"sameAs\":[],\"logo\":{\"@type\":\"ImageObject\",\"inLanguage\":\"pl-PL\",\"@id\":\"https:\/\/projektniro.pl\/#\/schema\/logo\/image\/\",\"url\":\"https:\/\/projektniro.pl\/wp-content\/uploads\/2021\/04\/Miniatura-e1617656633611.jpg\",\"contentUrl\":\"https:\/\/projektniro.pl\/wp-content\/uploads\/2021\/04\/Miniatura-e1617656633611.jpg\",\"width\":100,\"height\":87,\"caption\":\"Projekt NiRo\"},\"image\":{\"@id\":\"https:\/\/projektniro.pl\/#\/schema\/logo\/image\/\"}},{\"@type\":\"WebSite\",\"@id\":\"https:\/\/projektniro.pl\/#website\",\"url\":\"https:\/\/projektniro.pl\/\",\"name\":\"Projekt NiRo\",\"description\":\"\",\"publisher\":{\"@id\":\"https:\/\/projektniro.pl\/#organization\"},\"potentialAction\":[{\"@type\":\"SearchAction\",\"target\":{\"@type\":\"EntryPoint\",\"urlTemplate\":\"https:\/\/projektniro.pl\/?s={search_term_string}\"},\"query-input\":\"required name=search_term_string\"}],\"inLanguage\":\"pl-PL\"},{\"@type\":\"WebPage\",\"@id\":\"https:\/\/projektniro.pl\/index.php\/etapy-projektu\/\",\"url\":\"https:\/\/projektniro.pl\/index.php\/etapy-projektu\/\",\"name\":\"Etapy projektu - Projekt NiRo\",\"isPartOf\":{\"@id\":\"https:\/\/projektniro.pl\/#website\"},\"datePublished\":\"2021-02-26T10:42:45+00:00\",\"dateModified\":\"2022-03-15T21:22:07+00:00\",\"breadcrumb\":{\"@id\":\"https:\/\/projektniro.pl\/index.php\/etapy-projektu\/#breadcrumb\"},\"inLanguage\":\"pl-PL\",\"potentialAction\":[{\"@type\":\"ReadAction\",\"target\":[\"https:\/\/projektniro.pl\/index.php\/etapy-projektu\/\"]}]},{\"@type\":\"BreadcrumbList\",\"@id\":\"https:\/\/projektniro.pl\/index.php\/etapy-projektu\/#breadcrumb\",\"itemListElement\":[{\"@type\":\"ListItem\",\"position\":1,\"name\":\"Strona g\u0142\u00f3wna\",\"item\":\"https:\/\/projektniro.pl\/\"},{\"@type\":\"ListItem\",\"position\":2,\"name\":\"Etapy projektu\"}]}]}<\/script>\n<!-- \/ Yoast SEO plugin. -->","yoast_head_json":{"title":"Etapy projektu - Projekt NiRo","robots":{"index":"index","follow":"follow","max-snippet":"max-snippet:-1","max-image-preview":"max-image-preview:large","max-video-preview":"max-video-preview:-1"},"canonical":"https:\/\/projektniro.pl\/index.php\/etapy-projektu\/","og_locale":"pl_PL","og_type":"article","og_title":"Etapy projektu - Projekt NiRo","og_description":"Pierwszy kontaktPierwsza styczno\u015b\u0107 klienta z moj\u0105 pracowni\u0105 to rozmowa telefoniczna, wymiana maili lub korespondecji na messengerze. Na tym etapie odpowiadam na wszystkie pytania dotycz\u0105ce wsp\u00f3\u0142pracy. Mo\u017cemy podpisa\u0107 umow\u0119 i tym samym rezerwujemy termin na wykonanie projektu. KONTAKT Pocz\u0105tek wsp\u00f3\u0142pracyStaram si\u0119 jak najlepiej pozna\u0107 gust i potrzeby klienta. Prosz\u0119 o wype\u0142nienie przes\u0142anej ankiety, a jej uzupe\u0142nieniem &hellip;","og_url":"https:\/\/projektniro.pl\/index.php\/etapy-projektu\/","og_site_name":"Projekt NiRo","article_modified_time":"2022-03-15T21:22:07+00:00","og_image":[{"url":"http:\/\/projektniro.pl\/wp-content\/uploads\/2021\/04\/Etapy_projektu-1024x493.png"}],"twitter_card":"summary_large_image","twitter_misc":{"Szacowany czas czytania":"4 minuty"},"schema":{"@context":"https:\/\/schema.org","@graph":[{"@type":"Organization","@id":"https:\/\/projektniro.pl\/#organization","name":"Projekt NiRo","url":"https:\/\/projektniro.pl\/","sameAs":[],"logo":{"@type":"ImageObject","inLanguage":"pl-PL","@id":"https:\/\/projektniro.pl\/#\/schema\/logo\/image\/","url":"https:\/\/projektniro.pl\/wp-content\/uploads\/2021\/04\/Miniatura-e1617656633611.jpg","contentUrl":"https:\/\/projektniro.pl\/wp-content\/uploads\/2021\/04\/Miniatura-e1617656633611.jpg","width":100,"height":87,"caption":"Projekt NiRo"},"image":{"@id":"https:\/\/projektniro.pl\/#\/schema\/logo\/image\/"}},{"@type":"WebSite","@id":"https:\/\/projektniro.pl\/#website","url":"https:\/\/projektniro.pl\/","name":"Projekt NiRo","description":"","publisher":{"@id":"https:\/\/projektniro.pl\/#organization"},"potentialAction":[{"@type":"SearchAction","target":{"@type":"EntryPoint","urlTemplate":"https:\/\/projektniro.pl\/?s={search_term_string}"},"query-input":"required name=search_term_string"}],"inLanguage":"pl-PL"},{"@type":"WebPage","@id":"https:\/\/projektniro.pl\/index.php\/etapy-projektu\/","url":"https:\/\/projektniro.pl\/index.php\/etapy-projektu\/","name":"Etapy projektu - Projekt NiRo","isPartOf":{"@id":"https:\/\/projektniro.pl\/#website"},"datePublished":"2021-02-26T10:42:45+00:00","dateModified":"2022-03-15T21:22:07+00:00","breadcrumb":{"@id":"https:\/\/projektniro.pl\/index.php\/etapy-projektu\/#breadcrumb"},"inLanguage":"pl-PL","potentialAction":[{"@type":"ReadAction","target":["https:\/\/projektniro.pl\/index.php\/etapy-projektu\/"]}]},{"@type":"BreadcrumbList","@id":"https:\/\/projektniro.pl\/index.php\/etapy-projektu\/#breadcrumb","itemListElement":[{"@type":"ListItem","position":1,"name":"Strona g\u0142\u00f3wna","item":"https:\/\/projektniro.pl\/"},{"@type":"ListItem","position":2,"name":"Etapy projektu"}]}]}},"_links":{"self":[{"href":"https:\/\/projektniro.pl\/index.php\/wp-json\/wp\/v2\/pages\/55"}],"collection":[{"href":"https:\/\/projektniro.pl\/index.php\/wp-json\/wp\/v2\/pages"}],"about":[{"href":"https:\/\/projektniro.pl\/index.php\/wp-json\/wp\/v2\/types\/page"}],"author":[{"embeddable":true,"href":"https:\/\/projektniro.pl\/index.php\/wp-json\/wp\/v2\/users\/1"}],"replies":[{"embeddable":true,"href":"https:\/\/projektniro.pl\/index.php\/wp-json\/wp\/v2\/comments?post=55"}],"version-history":[{"count":10,"href":"https:\/\/projektniro.pl\/index.php\/wp-json\/wp\/v2\/pages\/55\/revisions"}],"predecessor-version":[{"id":893,"href":"https:\/\/projektniro.pl\/index.php\/wp-json\/wp\/v2\/pages\/55\/revisions\/893"}],"wp:attachment":[{"href":"https:\/\/projektniro.pl\/index.php\/wp-json\/wp\/v2\/media?parent=55"}],"curies":[{"name":"wp","href":"https:\/\/api.w.org\/{rel}","templated":true}]}}