{"id":1242,"date":"2022-12-30T19:50:36","date_gmt":"2022-12-30T18:50:36","guid":{"rendered":"https:\/\/projektniro.pl\/?page_id=1242"},"modified":"2023-09-30T17:56:12","modified_gmt":"2023-09-30T15:56:12","slug":"trzy-aranzacje-trojkatnego-domku","status":"publish","type":"page","link":"https:\/\/projektniro.pl\/index.php\/trzy-aranzacje-trojkatnego-domku\/","title":{"rendered":"Trzy aran\u017cacje tr\u00f3jk\u0105tnego domku"},"content":{"rendered":"\n<p>Wizualizacje r\u00f3\u017cnych wariant\u00f3w wyko\u0144cze\u0144 drewnianych domk\u00f3w zosta\u0142y wykonane dla Horizon Cabins NL, Amsterdam<\/p>\n\n\n\n<figure class=\"wp-block-gallery columns-3 is-cropped\"><ul class=\"blocks-gallery-grid\"><li class=\"blocks-gallery-item\"><figure><a href=\"http:\/\/projektniro.pl\/wp-content\/uploads\/2022\/12\/9-4.jpg\"><img loading=\"lazy\" width=\"768\" height=\"1024\" src=\"http:\/\/projektniro.pl\/wp-content\/uploads\/2022\/12\/9-4-768x1024.jpg\" alt=\"\" data-id=\"1252\" data-full-url=\"http:\/\/projektniro.pl\/wp-content\/uploads\/2022\/12\/9-4.jpg\" data-link=\"https:\/\/projektniro.pl\/index.php\/trzy-aranzacje-trojkatnego-domku\/9-4\/\" class=\"wp-image-1252\" srcset=\"https:\/\/projektniro.pl\/wp-content\/uploads\/2022\/12\/9-4-768x1024.jpg 768w, https:\/\/projektniro.pl\/wp-content\/uploads\/2022\/12\/9-4-225x300.jpg 225w, https:\/\/projektniro.pl\/wp-content\/uploads\/2022\/12\/9-4-1152x1536.jpg 1152w, https:\/\/projektniro.pl\/wp-content\/uploads\/2022\/12\/9-4.jpg 1500w\" sizes=\"(max-width: 768px) 100vw, 768px\" \/><\/a><\/figure><\/li><li class=\"blocks-gallery-item\"><figure><a href=\"http:\/\/projektniro.pl\/wp-content\/uploads\/2022\/12\/8-1.jpg\"><img loading=\"lazy\" width=\"768\" height=\"1024\" src=\"http:\/\/projektniro.pl\/wp-content\/uploads\/2022\/12\/8-1-768x1024.jpg\" alt=\"\" data-id=\"1251\" data-full-url=\"http:\/\/projektniro.pl\/wp-content\/uploads\/2022\/12\/8-1.jpg\" data-link=\"https:\/\/projektniro.pl\/index.php\/trzy-aranzacje-trojkatnego-domku\/8-1\/\" class=\"wp-image-1251\" srcset=\"https:\/\/projektniro.pl\/wp-content\/uploads\/2022\/12\/8-1-768x1024.jpg 768w, https:\/\/projektniro.pl\/wp-content\/uploads\/2022\/12\/8-1-225x300.jpg 225w, https:\/\/projektniro.pl\/wp-content\/uploads\/2022\/12\/8-1-1152x1536.jpg 1152w, https:\/\/projektniro.pl\/wp-content\/uploads\/2022\/12\/8-1.jpg 1500w\" sizes=\"(max-width: 768px) 100vw, 768px\" \/><\/a><\/figure><\/li><li class=\"blocks-gallery-item\"><figure><a href=\"http:\/\/projektniro.pl\/wp-content\/uploads\/2022\/12\/7-2.jpg\"><img loading=\"lazy\" width=\"768\" height=\"1024\" src=\"http:\/\/projektniro.pl\/wp-content\/uploads\/2022\/12\/7-2-768x1024.jpg\" alt=\"\" data-id=\"1250\" data-full-url=\"http:\/\/projektniro.pl\/wp-content\/uploads\/2022\/12\/7-2.jpg\" data-link=\"https:\/\/projektniro.pl\/index.php\/trzy-aranzacje-trojkatnego-domku\/7-2\/\" class=\"wp-image-1250\" srcset=\"https:\/\/projektniro.pl\/wp-content\/uploads\/2022\/12\/7-2-768x1024.jpg 768w, https:\/\/projektniro.pl\/wp-content\/uploads\/2022\/12\/7-2-225x300.jpg 225w, https:\/\/projektniro.pl\/wp-content\/uploads\/2022\/12\/7-2-1152x1536.jpg 1152w, https:\/\/projektniro.pl\/wp-content\/uploads\/2022\/12\/7-2.jpg 1500w\" sizes=\"(max-width: 768px) 100vw, 768px\" \/><\/a><\/figure><\/li><li class=\"blocks-gallery-item\"><figure><a href=\"http:\/\/projektniro.pl\/wp-content\/uploads\/2022\/12\/6-3.jpg\"><img loading=\"lazy\" width=\"768\" height=\"1024\" src=\"http:\/\/projektniro.pl\/wp-content\/uploads\/2022\/12\/6-3-768x1024.jpg\" alt=\"\" data-id=\"1249\" data-full-url=\"http:\/\/projektniro.pl\/wp-content\/uploads\/2022\/12\/6-3.jpg\" data-link=\"https:\/\/projektniro.pl\/index.php\/trzy-aranzacje-trojkatnego-domku\/6-3-2\/\" class=\"wp-image-1249\" srcset=\"https:\/\/projektniro.pl\/wp-content\/uploads\/2022\/12\/6-3-768x1024.jpg 768w, https:\/\/projektniro.pl\/wp-content\/uploads\/2022\/12\/6-3-225x300.jpg 225w, https:\/\/projektniro.pl\/wp-content\/uploads\/2022\/12\/6-3-1152x1536.jpg 1152w, https:\/\/projektniro.pl\/wp-content\/uploads\/2022\/12\/6-3.jpg 1500w\" sizes=\"(max-width: 768px) 100vw, 768px\" \/><\/a><\/figure><\/li><li class=\"blocks-gallery-item\"><figure><a href=\"http:\/\/projektniro.pl\/wp-content\/uploads\/2022\/12\/5-2.jpg\"><img loading=\"lazy\" width=\"768\" height=\"1024\" src=\"http:\/\/projektniro.pl\/wp-content\/uploads\/2022\/12\/5-2-768x1024.jpg\" alt=\"\" data-id=\"1248\" data-full-url=\"http:\/\/projektniro.pl\/wp-content\/uploads\/2022\/12\/5-2.jpg\" data-link=\"https:\/\/projektniro.pl\/index.php\/trzy-aranzacje-trojkatnego-domku\/5-2-2\/\" class=\"wp-image-1248\" srcset=\"https:\/\/projektniro.pl\/wp-content\/uploads\/2022\/12\/5-2-768x1024.jpg 768w, https:\/\/projektniro.pl\/wp-content\/uploads\/2022\/12\/5-2-225x300.jpg 225w, https:\/\/projektniro.pl\/wp-content\/uploads\/2022\/12\/5-2-1152x1536.jpg 1152w, https:\/\/projektniro.pl\/wp-content\/uploads\/2022\/12\/5-2.jpg 1500w\" sizes=\"(max-width: 768px) 100vw, 768px\" \/><\/a><\/figure><\/li><li class=\"blocks-gallery-item\"><figure><a href=\"http:\/\/projektniro.pl\/wp-content\/uploads\/2022\/12\/4-4.jpg\"><img loading=\"lazy\" width=\"768\" height=\"1024\" src=\"http:\/\/projektniro.pl\/wp-content\/uploads\/2022\/12\/4-4-768x1024.jpg\" alt=\"\" data-id=\"1247\" data-full-url=\"http:\/\/projektniro.pl\/wp-content\/uploads\/2022\/12\/4-4.jpg\" data-link=\"https:\/\/projektniro.pl\/index.php\/trzy-aranzacje-trojkatnego-domku\/4-4\/\" class=\"wp-image-1247\" srcset=\"https:\/\/projektniro.pl\/wp-content\/uploads\/2022\/12\/4-4-768x1024.jpg 768w, https:\/\/projektniro.pl\/wp-content\/uploads\/2022\/12\/4-4-225x300.jpg 225w, https:\/\/projektniro.pl\/wp-content\/uploads\/2022\/12\/4-4-1152x1536.jpg 1152w, https:\/\/projektniro.pl\/wp-content\/uploads\/2022\/12\/4-4.jpg 1500w\" sizes=\"(max-width: 768px) 100vw, 768px\" \/><\/a><\/figure><\/li><li class=\"blocks-gallery-item\"><figure><a href=\"http:\/\/projektniro.pl\/wp-content\/uploads\/2022\/12\/3-6.jpg\"><img loading=\"lazy\" width=\"768\" height=\"1024\" src=\"http:\/\/projektniro.pl\/wp-content\/uploads\/2022\/12\/3-6-768x1024.jpg\" alt=\"\" data-id=\"1246\" data-full-url=\"http:\/\/projektniro.pl\/wp-content\/uploads\/2022\/12\/3-6.jpg\" data-link=\"https:\/\/projektniro.pl\/index.php\/trzy-aranzacje-trojkatnego-domku\/3-6\/\" class=\"wp-image-1246\" srcset=\"https:\/\/projektniro.pl\/wp-content\/uploads\/2022\/12\/3-6-768x1024.jpg 768w, https:\/\/projektniro.pl\/wp-content\/uploads\/2022\/12\/3-6-225x300.jpg 225w, https:\/\/projektniro.pl\/wp-content\/uploads\/2022\/12\/3-6-1152x1536.jpg 1152w, https:\/\/projektniro.pl\/wp-content\/uploads\/2022\/12\/3-6.jpg 1500w\" sizes=\"(max-width: 768px) 100vw, 768px\" \/><\/a><\/figure><\/li><li class=\"blocks-gallery-item\"><figure><a href=\"http:\/\/projektniro.pl\/wp-content\/uploads\/2022\/12\/2-4.jpg\"><img loading=\"lazy\" width=\"768\" height=\"1024\" src=\"http:\/\/projektniro.pl\/wp-content\/uploads\/2022\/12\/2-4-768x1024.jpg\" alt=\"\" data-id=\"1244\" data-full-url=\"http:\/\/projektniro.pl\/wp-content\/uploads\/2022\/12\/2-4.jpg\" data-link=\"https:\/\/projektniro.pl\/index.php\/trzy-aranzacje-trojkatnego-domku\/2-4\/\" class=\"wp-image-1244\" srcset=\"https:\/\/projektniro.pl\/wp-content\/uploads\/2022\/12\/2-4-768x1024.jpg 768w, https:\/\/projektniro.pl\/wp-content\/uploads\/2022\/12\/2-4-225x300.jpg 225w, https:\/\/projektniro.pl\/wp-content\/uploads\/2022\/12\/2-4-1152x1536.jpg 1152w, https:\/\/projektniro.pl\/wp-content\/uploads\/2022\/12\/2-4.jpg 1500w\" sizes=\"(max-width: 768px) 100vw, 768px\" \/><\/a><\/figure><\/li><li class=\"blocks-gallery-item\"><figure><a href=\"http:\/\/projektniro.pl\/wp-content\/uploads\/2022\/12\/1-4.jpg\"><img loading=\"lazy\" width=\"768\" height=\"1024\" src=\"http:\/\/projektniro.pl\/wp-content\/uploads\/2022\/12\/1-4-768x1024.jpg\" alt=\"\" data-id=\"1243\" data-full-url=\"http:\/\/projektniro.pl\/wp-content\/uploads\/2022\/12\/1-4.jpg\" data-link=\"https:\/\/projektniro.pl\/index.php\/trzy-aranzacje-trojkatnego-domku\/1-4-2\/\" class=\"wp-image-1243\" srcset=\"https:\/\/projektniro.pl\/wp-content\/uploads\/2022\/12\/1-4-768x1024.jpg 768w, https:\/\/projektniro.pl\/wp-content\/uploads\/2022\/12\/1-4-225x300.jpg 225w, https:\/\/projektniro.pl\/wp-content\/uploads\/2022\/12\/1-4-1152x1536.jpg 1152w, https:\/\/projektniro.pl\/wp-content\/uploads\/2022\/12\/1-4.jpg 1500w\" sizes=\"(max-width: 768px) 100vw, 768px\" \/><\/a><\/figure><\/li><\/ul><\/figure>\n\n\n\n<figure class=\"wp-block-gallery columns-3 is-cropped\"><ul class=\"blocks-gallery-grid\"><li class=\"blocks-gallery-item\"><figure><img loading=\"lazy\" width=\"1024\" height=\"576\" src=\"http:\/\/projektniro.pl\/wp-content\/uploads\/2023\/09\/8-1024x576.jpg\" alt=\"\" data-id=\"1280\" data-full-url=\"http:\/\/projektniro.pl\/wp-content\/uploads\/2023\/09\/8.jpg\" data-link=\"http:\/\/projektniro.pl\/index.php\/trzy-aranzacje-trojkatnego-domku\/8-2\/\" class=\"wp-image-1280\" srcset=\"https:\/\/projektniro.pl\/wp-content\/uploads\/2023\/09\/8-1024x576.jpg 1024w, https:\/\/projektniro.pl\/wp-content\/uploads\/2023\/09\/8-300x169.jpg 300w, https:\/\/projektniro.pl\/wp-content\/uploads\/2023\/09\/8-768x432.jpg 768w, https:\/\/projektniro.pl\/wp-content\/uploads\/2023\/09\/8-1536x864.jpg 1536w, https:\/\/projektniro.pl\/wp-content\/uploads\/2023\/09\/8.jpg 1920w\" sizes=\"(max-width: 1024px) 100vw, 1024px\" \/><\/figure><\/li><li class=\"blocks-gallery-item\"><figure><img loading=\"lazy\" width=\"1024\" height=\"576\" src=\"http:\/\/projektniro.pl\/wp-content\/uploads\/2023\/09\/7-1024x576.jpg\" alt=\"\" data-id=\"1279\" data-full-url=\"http:\/\/projektniro.pl\/wp-content\/uploads\/2023\/09\/7.jpg\" data-link=\"http:\/\/projektniro.pl\/index.php\/trzy-aranzacje-trojkatnego-domku\/7-3\/\" class=\"wp-image-1279\" srcset=\"https:\/\/projektniro.pl\/wp-content\/uploads\/2023\/09\/7-1024x576.jpg 1024w, https:\/\/projektniro.pl\/wp-content\/uploads\/2023\/09\/7-300x169.jpg 300w, https:\/\/projektniro.pl\/wp-content\/uploads\/2023\/09\/7-768x432.jpg 768w, https:\/\/projektniro.pl\/wp-content\/uploads\/2023\/09\/7-1536x864.jpg 1536w, https:\/\/projektniro.pl\/wp-content\/uploads\/2023\/09\/7.jpg 1920w\" sizes=\"(max-width: 1024px) 100vw, 1024px\" \/><\/figure><\/li><li class=\"blocks-gallery-item\"><figure><img loading=\"lazy\" width=\"1024\" height=\"576\" src=\"http:\/\/projektniro.pl\/wp-content\/uploads\/2023\/09\/2-1024x576.jpg\" alt=\"\" data-id=\"1278\" data-full-url=\"http:\/\/projektniro.pl\/wp-content\/uploads\/2023\/09\/2.jpg\" data-link=\"http:\/\/projektniro.pl\/index.php\/trzy-aranzacje-trojkatnego-domku\/2-5\/\" class=\"wp-image-1278\" srcset=\"https:\/\/projektniro.pl\/wp-content\/uploads\/2023\/09\/2-1024x576.jpg 1024w, https:\/\/projektniro.pl\/wp-content\/uploads\/2023\/09\/2-300x169.jpg 300w, https:\/\/projektniro.pl\/wp-content\/uploads\/2023\/09\/2-768x432.jpg 768w, https:\/\/projektniro.pl\/wp-content\/uploads\/2023\/09\/2-1536x864.jpg 1536w, https:\/\/projektniro.pl\/wp-content\/uploads\/2023\/09\/2.jpg 1920w\" sizes=\"(max-width: 1024px) 100vw, 1024px\" \/><\/figure><\/li><li class=\"blocks-gallery-item\"><figure><img loading=\"lazy\" width=\"1024\" height=\"576\" src=\"http:\/\/projektniro.pl\/wp-content\/uploads\/2023\/09\/1-1024x576.jpg\" alt=\"\" data-id=\"1276\" data-full-url=\"http:\/\/projektniro.pl\/wp-content\/uploads\/2023\/09\/1.jpg\" data-link=\"http:\/\/projektniro.pl\/index.php\/trzy-aranzacje-trojkatnego-domku\/1-5\/\" class=\"wp-image-1276\" srcset=\"https:\/\/projektniro.pl\/wp-content\/uploads\/2023\/09\/1-1024x576.jpg 1024w, https:\/\/projektniro.pl\/wp-content\/uploads\/2023\/09\/1-300x169.jpg 300w, https:\/\/projektniro.pl\/wp-content\/uploads\/2023\/09\/1-768x432.jpg 768w, https:\/\/projektniro.pl\/wp-content\/uploads\/2023\/09\/1-1536x864.jpg 1536w, https:\/\/projektniro.pl\/wp-content\/uploads\/2023\/09\/1.jpg 1920w\" sizes=\"(max-width: 1024px) 100vw, 1024px\" \/><\/figure><\/li><\/ul><\/figure>\n","protected":false},"excerpt":{"rendered":"<p>Wizualizacje r\u00f3\u017cnych wariant\u00f3w wyko\u0144cze\u0144 drewnianych domk\u00f3w zosta\u0142y wykonane dla Horizon Cabins NL, Amsterdam<\/p>\n","protected":false},"author":1,"featured_media":0,"parent":0,"menu_order":0,"comment_status":"closed","ping_status":"closed","template":"","meta":[],"yoast_head":"<!-- This site is optimized with the Yoast SEO plugin v19.4 - https:\/\/yoast.com\/wordpress\/plugins\/seo\/ -->\n<title>Trzy aran\u017cacje tr\u00f3jk\u0105tnego domku - Projekt NiRo<\/title>\n<meta name=\"robots\" content=\"index, follow, max-snippet:-1, max-image-preview:large, max-video-preview:-1\" \/>\n<link rel=\"canonical\" href=\"https:\/\/projektniro.pl\/index.php\/trzy-aranzacje-trojkatnego-domku\/\" \/>\n<meta property=\"og:locale\" content=\"pl_PL\" \/>\n<meta property=\"og:type\" content=\"article\" \/>\n<meta property=\"og:title\" content=\"Trzy aran\u017cacje tr\u00f3jk\u0105tnego domku - Projekt NiRo\" \/>\n<meta property=\"og:description\" content=\"Wizualizacje r\u00f3\u017cnych wariant\u00f3w wyko\u0144cze\u0144 drewnianych domk\u00f3w zosta\u0142y wykonane dla Horizon Cabins NL, Amsterdam\" \/>\n<meta property=\"og:url\" content=\"https:\/\/projektniro.pl\/index.php\/trzy-aranzacje-trojkatnego-domku\/\" \/>\n<meta property=\"og:site_name\" content=\"Projekt NiRo\" \/>\n<meta property=\"article:modified_time\" content=\"2023-09-30T15:56:12+00:00\" \/>\n<meta property=\"og:image\" content=\"http:\/\/projektniro.pl\/wp-content\/uploads\/2022\/12\/9-4-768x1024.jpg\" \/>\n<meta name=\"twitter:card\" content=\"summary_large_image\" \/>\n<meta name=\"twitter:label1\" content=\"Szacowany czas czytania\" \/>\n\t<meta name=\"twitter:data1\" content=\"3 minuty\" \/>\n<script type=\"application\/ld+json\" class=\"yoast-schema-graph\">{\"@context\":\"https:\/\/schema.org\",\"@graph\":[{\"@type\":\"Organization\",\"@id\":\"https:\/\/projektniro.pl\/#organization\",\"name\":\"Projekt NiRo\",\"url\":\"https:\/\/projektniro.pl\/\",\"sameAs\":[],\"logo\":{\"@type\":\"ImageObject\",\"inLanguage\":\"pl-PL\",\"@id\":\"https:\/\/projektniro.pl\/#\/schema\/logo\/image\/\",\"url\":\"https:\/\/projektniro.pl\/wp-content\/uploads\/2021\/04\/Miniatura-e1617656633611.jpg\",\"contentUrl\":\"https:\/\/projektniro.pl\/wp-content\/uploads\/2021\/04\/Miniatura-e1617656633611.jpg\",\"width\":100,\"height\":87,\"caption\":\"Projekt NiRo\"},\"image\":{\"@id\":\"https:\/\/projektniro.pl\/#\/schema\/logo\/image\/\"}},{\"@type\":\"WebSite\",\"@id\":\"https:\/\/projektniro.pl\/#website\",\"url\":\"https:\/\/projektniro.pl\/\",\"name\":\"Projekt NiRo\",\"description\":\"\",\"publisher\":{\"@id\":\"https:\/\/projektniro.pl\/#organization\"},\"potentialAction\":[{\"@type\":\"SearchAction\",\"target\":{\"@type\":\"EntryPoint\",\"urlTemplate\":\"https:\/\/projektniro.pl\/?s={search_term_string}\"},\"query-input\":\"required name=search_term_string\"}],\"inLanguage\":\"pl-PL\"},{\"@type\":\"WebPage\",\"@id\":\"https:\/\/projektniro.pl\/index.php\/trzy-aranzacje-trojkatnego-domku\/\",\"url\":\"https:\/\/projektniro.pl\/index.php\/trzy-aranzacje-trojkatnego-domku\/\",\"name\":\"Trzy aran\u017cacje tr\u00f3jk\u0105tnego domku - Projekt NiRo\",\"isPartOf\":{\"@id\":\"https:\/\/projektniro.pl\/#website\"},\"datePublished\":\"2022-12-30T18:50:36+00:00\",\"dateModified\":\"2023-09-30T15:56:12+00:00\",\"breadcrumb\":{\"@id\":\"https:\/\/projektniro.pl\/index.php\/trzy-aranzacje-trojkatnego-domku\/#breadcrumb\"},\"inLanguage\":\"pl-PL\",\"potentialAction\":[{\"@type\":\"ReadAction\",\"target\":[\"https:\/\/projektniro.pl\/index.php\/trzy-aranzacje-trojkatnego-domku\/\"]}]},{\"@type\":\"BreadcrumbList\",\"@id\":\"https:\/\/projektniro.pl\/index.php\/trzy-aranzacje-trojkatnego-domku\/#breadcrumb\",\"itemListElement\":[{\"@type\":\"ListItem\",\"position\":1,\"name\":\"Strona g\u0142\u00f3wna\",\"item\":\"https:\/\/projektniro.pl\/\"},{\"@type\":\"ListItem\",\"position\":2,\"name\":\"Trzy aran\u017cacje tr\u00f3jk\u0105tnego domku\"}]}]}<\/script>\n<!-- \/ Yoast SEO plugin. -->","yoast_head_json":{"title":"Trzy aran\u017cacje tr\u00f3jk\u0105tnego domku - Projekt NiRo","robots":{"index":"index","follow":"follow","max-snippet":"max-snippet:-1","max-image-preview":"max-image-preview:large","max-video-preview":"max-video-preview:-1"},"canonical":"https:\/\/projektniro.pl\/index.php\/trzy-aranzacje-trojkatnego-domku\/","og_locale":"pl_PL","og_type":"article","og_title":"Trzy aran\u017cacje tr\u00f3jk\u0105tnego domku - Projekt NiRo","og_description":"Wizualizacje r\u00f3\u017cnych wariant\u00f3w wyko\u0144cze\u0144 drewnianych domk\u00f3w zosta\u0142y wykonane dla Horizon Cabins NL, Amsterdam","og_url":"https:\/\/projektniro.pl\/index.php\/trzy-aranzacje-trojkatnego-domku\/","og_site_name":"Projekt NiRo","article_modified_time":"2023-09-30T15:56:12+00:00","og_image":[{"url":"http:\/\/projektniro.pl\/wp-content\/uploads\/2022\/12\/9-4-768x1024.jpg"}],"twitter_card":"summary_large_image","twitter_misc":{"Szacowany czas czytania":"3 minuty"},"schema":{"@context":"https:\/\/schema.org","@graph":[{"@type":"Organization","@id":"https:\/\/projektniro.pl\/#organization","name":"Projekt NiRo","url":"https:\/\/projektniro.pl\/","sameAs":[],"logo":{"@type":"ImageObject","inLanguage":"pl-PL","@id":"https:\/\/projektniro.pl\/#\/schema\/logo\/image\/","url":"https:\/\/projektniro.pl\/wp-content\/uploads\/2021\/04\/Miniatura-e1617656633611.jpg","contentUrl":"https:\/\/projektniro.pl\/wp-content\/uploads\/2021\/04\/Miniatura-e1617656633611.jpg","width":100,"height":87,"caption":"Projekt NiRo"},"image":{"@id":"https:\/\/projektniro.pl\/#\/schema\/logo\/image\/"}},{"@type":"WebSite","@id":"https:\/\/projektniro.pl\/#website","url":"https:\/\/projektniro.pl\/","name":"Projekt NiRo","description":"","publisher":{"@id":"https:\/\/projektniro.pl\/#organization"},"potentialAction":[{"@type":"SearchAction","target":{"@type":"EntryPoint","urlTemplate":"https:\/\/projektniro.pl\/?s={search_term_string}"},"query-input":"required name=search_term_string"}],"inLanguage":"pl-PL"},{"@type":"WebPage","@id":"https:\/\/projektniro.pl\/index.php\/trzy-aranzacje-trojkatnego-domku\/","url":"https:\/\/projektniro.pl\/index.php\/trzy-aranzacje-trojkatnego-domku\/","name":"Trzy aran\u017cacje tr\u00f3jk\u0105tnego domku - Projekt NiRo","isPartOf":{"@id":"https:\/\/projektniro.pl\/#website"},"datePublished":"2022-12-30T18:50:36+00:00","dateModified":"2023-09-30T15:56:12+00:00","breadcrumb":{"@id":"https:\/\/projektniro.pl\/index.php\/trzy-aranzacje-trojkatnego-domku\/#breadcrumb"},"inLanguage":"pl-PL","potentialAction":[{"@type":"ReadAction","target":["https:\/\/projektniro.pl\/index.php\/trzy-aranzacje-trojkatnego-domku\/"]}]},{"@type":"BreadcrumbList","@id":"https:\/\/projektniro.pl\/index.php\/trzy-aranzacje-trojkatnego-domku\/#breadcrumb","itemListElement":[{"@type":"ListItem","position":1,"name":"Strona g\u0142\u00f3wna","item":"https:\/\/projektniro.pl\/"},{"@type":"ListItem","position":2,"name":"Trzy aran\u017cacje tr\u00f3jk\u0105tnego domku"}]}]}},"_links":{"self":[{"href":"https:\/\/projektniro.pl\/index.php\/wp-json\/wp\/v2\/pages\/1242"}],"collection":[{"href":"https:\/\/projektniro.pl\/index.php\/wp-json\/wp\/v2\/pages"}],"about":[{"href":"https:\/\/projektniro.pl\/index.php\/wp-json\/wp\/v2\/types\/page"}],"author":[{"embeddable":true,"href":"https:\/\/projektniro.pl\/index.php\/wp-json\/wp\/v2\/users\/1"}],"replies":[{"embeddable":true,"href":"https:\/\/projektniro.pl\/index.php\/wp-json\/wp\/v2\/comments?post=1242"}],"version-history":[{"count":4,"href":"https:\/\/projektniro.pl\/index.php\/wp-json\/wp\/v2\/pages\/1242\/revisions"}],"predecessor-version":[{"id":1338,"href":"https:\/\/projektniro.pl\/index.php\/wp-json\/wp\/v2\/pages\/1242\/revisions\/1338"}],"wp:attachment":[{"href":"https:\/\/projektniro.pl\/index.php\/wp-json\/wp\/v2\/media?parent=1242"}],"curies":[{"name":"wp","href":"https:\/\/api.w.org\/{rel}","templated":true}]}}